{"id":117,"date":"2023-01-29T12:14:29","date_gmt":"2023-01-29T11:14:29","guid":{"rendered":"http:\/\/terezinskainiciativa.cz\/?page_id=117"},"modified":"2023-10-24T02:30:32","modified_gmt":"2023-10-24T00:30:32","slug":"1991-2000","status":"publish","type":"page","link":"https:\/\/terezinskainiciativa.cz\/en\/1991-2000\/","title":{"rendered":"1991 &#8211; 2000"},"content":{"rendered":"<h2 class=\"wp-block-heading\">1991<\/h2>\n\n\n\n<ul class=\"wp-block-list\">\n<li><a href=\"http:\/\/terezinskainiciativa.cz\/wp-content\/uploads\/2023\/01\/newsletter001.pdf\">1 &#8211; mezi 16. dubnem a 30. \u010dervnem <\/a><\/li>\n<\/ul>\n\n\n\n<h2 class=\"wp-block-heading\">1992<\/h2>\n\n\n\n<ul class=\"wp-block-list\">\n<li><a href=\"http:\/\/terezinskainiciativa.cz\/wp-content\/uploads\/2023\/01\/newsletter002.pdf\">2 &#8211; \u00fanor<\/a><\/li>\n\n\n\n<li><a href=\"http:\/\/terezinskainiciativa.cz\/wp-content\/uploads\/2023\/01\/newsletter003.pdf\">3 &#8211; prosinec<\/a><\/li>\n<\/ul>\n\n\n\n<h2 class=\"wp-block-heading\">1993<\/h2>\n\n\n\n<ul class=\"wp-block-list\">\n<li><a href=\"http:\/\/terezinskainiciativa.cz\/wp-content\/uploads\/2023\/01\/newsletter004.pdf\">4 &#8211; \u010derven<\/a><\/li>\n<\/ul>\n\n\n\n<h2 class=\"wp-block-heading\">1994<\/h2>\n\n\n\n<ul class=\"wp-block-list\">\n<li><a href=\"http:\/\/terezinskainiciativa.cz\/wp-content\/uploads\/2023\/01\/newsletter005.pdf\">5 &#8211; leden<\/a><\/li>\n\n\n\n<li><a href=\"http:\/\/terezinskainiciativa.cz\/wp-content\/uploads\/2023\/01\/newsletter006.pdf\">6 &#8211; listopad<\/a><\/li>\n<\/ul>\n\n\n\n<h2 class=\"wp-block-heading\">1995<\/h2>\n\n\n\n<ul class=\"wp-block-list\">\n<li><a href=\"http:\/\/terezinskainiciativa.cz\/wp-content\/uploads\/2023\/01\/newsletter007.pdf\">7 &#8211; prosinec<\/a><\/li>\n\n\n\n<li><a href=\"http:\/\/terezinskainiciativa.cz\/wp-content\/uploads\/2023\/01\/newsletter008.pdf\">8 &#8211; \u010derven<\/a><\/li>\n<\/ul>\n\n\n\n<h2 class=\"wp-block-heading\">1996<\/h2>\n\n\n\n<ul class=\"wp-block-list\">\n<li><a href=\"http:\/\/terezinskainiciativa.cz\/wp-content\/uploads\/2023\/01\/newsletter009.pdf\">9 &#8211; \u0159\u00edjen<\/a><\/li>\n<\/ul>\n\n\n\n<h2 class=\"wp-block-heading\">1997<\/h2>\n\n\n\n<ul class=\"wp-block-list\">\n<li><a href=\"http:\/\/terezinskainiciativa.cz\/wp-content\/uploads\/2023\/01\/newsletter010.pdf\">10 &#8211; leden<\/a><\/li>\n\n\n\n<li><a href=\"http:\/\/terezinskainiciativa.cz\/wp-content\/uploads\/2023\/01\/newsletter011.pdf\">11 &#8211; \u010dervenec<\/a><\/li>\n<\/ul>\n\n\n\n<h2 class=\"wp-block-heading\">1998<\/h2>\n\n\n\n<ul class=\"wp-block-list\">\n<li><a href=\"http:\/\/terezinskainiciativa.cz\/wp-content\/uploads\/2023\/01\/newsletter12.pdf\">12 &#8211; leden<\/a><\/li>\n\n\n\n<li><a href=\"http:\/\/terezinskainiciativa.cz\/wp-content\/uploads\/2023\/01\/newsletter13.pdf\">13 &#8211; \u010derven<\/a><\/li>\n\n\n\n<li><a href=\"http:\/\/terezinskainiciativa.cz\/wp-content\/uploads\/2023\/01\/newsletter14.pdf\">14 &#8211; prosinec<\/a><\/li>\n<\/ul>\n\n\n\n<h2 class=\"wp-block-heading\">1999<\/h2>\n\n\n\n<ul class=\"wp-block-list\">\n<li><a href=\"http:\/\/terezinskainiciativa.cz\/wp-content\/uploads\/2023\/01\/newsletter15.pdf\">15 &#8211; kv\u011bten<\/a><\/li>\n\n\n\n<li><a href=\"http:\/\/terezinskainiciativa.cz\/wp-content\/uploads\/2023\/01\/newsletter16.pdf\">16 &#8211; listopad<\/a><\/li>\n<\/ul>\n\n\n\n<h2 class=\"wp-block-heading\">2000<\/h2>\n\n\n\n<ul class=\"wp-block-list\">\n<li><a href=\"http:\/\/terezinskainiciativa.cz\/wp-content\/uploads\/2023\/01\/newsletter17.pdf\">17 &#8211; duben<\/a><\/li>\n\n\n\n<li><a href=\"http:\/\/terezinskainiciativa.cz\/wp-content\/uploads\/2023\/01\/newsletter18.pdf\">18 &#8211; \u0159\u00edjen<\/a><\/li>\n<\/ul>\n\n\n\n<div class=\"wp-block-buttons is-content-justification-center is-layout-flex wp-container-core-buttons-is-layout-1 wp-block-buttons-is-layout-flex\">\n<div class=\"wp-block-button is-style-outline is-style-outline--55c7830be72d6de4c54d89bde0a4b9cf\"><a class=\"wp-block-button__link wp-element-button\" href=\"https:\/\/terezinskainiciativa.cz\/en\/2001-2\/\">2001-2005 -&gt;<\/a><\/div>\n<\/div>","protected":false},"excerpt":{"rendered":"<p>1991 1992 1993 1994 1995 1996 1997 1998 1999 2000<\/p>","protected":false},"author":1,"featured_media":0,"parent":0,"menu_order":0,"comment_status":"closed","ping_status":"closed","template":"","meta":{"footnotes":""},"class_list":["post-117","page","type-page","status-publish","hentry"],"yoast_head":"<!-- This site is optimized with the Yoast SEO plugin v21.9.1 - https:\/\/yoast.com\/wordpress\/plugins\/seo\/ -->\n<title>Terez\u00ednsk\u00e1 iniciativa - \u010casopisy z let 1991 a\u017e 2000<\/title>\n<meta name=\"description\" content=\"Kompletn\u00ed internetov\u00fd archiv \u010dasopis\u016f Terez\u00ednsk\u00e9 inicitivy ro\u010dn\u00edky 1991 a\u017e 2000 v\u00a0PDF form\u00e1tu voln\u011b ke sta\u017een\u00ed.\" \/>\n<meta name=\"robots\" content=\"index, follow, max-snippet:-1, max-image-preview:large, max-video-preview:-1\" \/>\n<link rel=\"canonical\" href=\"https:\/\/terezinskainiciativa.cz\/en\/1991-2000\/\" \/>\n<meta property=\"og:locale\" content=\"en_US\" \/>\n<meta property=\"og:type\" content=\"article\" \/>\n<meta property=\"og:title\" content=\"Terez\u00ednsk\u00e1 iniciativa - \u010casopisy z let 1991 a\u017e 2000\" \/>\n<meta property=\"og:description\" content=\"Kompletn\u00ed internetov\u00fd archiv \u010dasopis\u016f Terez\u00ednsk\u00e9 inicitivy ro\u010dn\u00edky 1991 a\u017e 2000 v\u00a0PDF form\u00e1tu voln\u011b ke sta\u017een\u00ed.\" \/>\n<meta property=\"og:url\" content=\"https:\/\/terezinskainiciativa.cz\/en\/1991-2000\/\" \/>\n<meta property=\"og:site_name\" content=\"Terez\u00ednsk\u00e1 iniciativa\" \/>\n<meta property=\"article:modified_time\" content=\"2023-10-24T00:30:32+00:00\" \/>\n<meta property=\"og:image\" content=\"https:\/\/terezinskainiciativa.cz\/wp-content\/uploads\/2022\/12\/cropped-ti-v2.png\" \/>\n\t<meta property=\"og:image:width\" content=\"242\" \/>\n\t<meta property=\"og:image:height\" content=\"71\" \/>\n\t<meta property=\"og:image:type\" content=\"image\/png\" \/>\n<meta name=\"twitter:card\" content=\"summary_large_image\" \/>\n<meta name=\"twitter:label1\" content=\"Est. reading time\" \/>\n\t<meta name=\"twitter:data1\" content=\"1 minute\" \/>\n<script type=\"application\/ld+json\" class=\"yoast-schema-graph\">{\"@context\":\"https:\/\/schema.org\",\"@graph\":[{\"@type\":\"WebPage\",\"@id\":\"https:\/\/terezinskainiciativa.cz\/1991-2000\/\",\"url\":\"https:\/\/terezinskainiciativa.cz\/1991-2000\/\",\"name\":\"Terez\u00ednsk\u00e1 iniciativa - \u010casopisy z let 1991 a\u017e 2000\",\"isPartOf\":{\"@id\":\"https:\/\/terezinskainiciativa.cz\/#website\"},\"datePublished\":\"2023-01-29T11:14:29+00:00\",\"dateModified\":\"2023-10-24T00:30:32+00:00\",\"description\":\"Kompletn\u00ed internetov\u00fd archiv \u010dasopis\u016f Terez\u00ednsk\u00e9 inicitivy ro\u010dn\u00edky 1991 a\u017e 2000 v\u00a0PDF form\u00e1tu voln\u011b ke sta\u017een\u00ed.\",\"breadcrumb\":{\"@id\":\"https:\/\/terezinskainiciativa.cz\/1991-2000\/#breadcrumb\"},\"inLanguage\":\"en-US\",\"potentialAction\":[{\"@type\":\"ReadAction\",\"target\":[\"https:\/\/terezinskainiciativa.cz\/1991-2000\/\"]}]},{\"@type\":\"BreadcrumbList\",\"@id\":\"https:\/\/terezinskainiciativa.cz\/1991-2000\/#breadcrumb\",\"itemListElement\":[{\"@type\":\"ListItem\",\"position\":1,\"name\":\"Dom\u016f\",\"item\":\"https:\/\/terezinskainiciativa.cz\/\"},{\"@type\":\"ListItem\",\"position\":2,\"name\":\"1991 &#8211; 2000\"}]},{\"@type\":\"WebSite\",\"@id\":\"https:\/\/terezinskainiciativa.cz\/#website\",\"url\":\"https:\/\/terezinskainiciativa.cz\/\",\"name\":\"Terez\u00ednsk\u00e1 iniciativa\",\"description\":\"TI je sdru\u017een\u00ed b\u00fdval\u00fdch v\u011bz\u0148\u016f terez\u00ednsk\u00e9ho ghetta a jejich p\u0159\u00edm\u00fdch potomk\u016f\",\"publisher\":{\"@id\":\"https:\/\/terezinskainiciativa.cz\/#organization\"},\"potentialAction\":[{\"@type\":\"SearchAction\",\"target\":{\"@type\":\"EntryPoint\",\"urlTemplate\":\"https:\/\/terezinskainiciativa.cz\/?s={search_term_string}\"},\"query-input\":\"required name=search_term_string\"}],\"inLanguage\":\"en-US\"},{\"@type\":\"Organization\",\"@id\":\"https:\/\/terezinskainiciativa.cz\/#organization\",\"name\":\"Terez\u00ednsk\u00e1 iniciativa\",\"url\":\"https:\/\/terezinskainiciativa.cz\/\",\"logo\":{\"@type\":\"ImageObject\",\"inLanguage\":\"en-US\",\"@id\":\"https:\/\/terezinskainiciativa.cz\/#\/schema\/logo\/image\/\",\"url\":\"https:\/\/terezinskainiciativa.cz\/wp-content\/uploads\/2022\/12\/cropped-ti-v2.png\",\"contentUrl\":\"https:\/\/terezinskainiciativa.cz\/wp-content\/uploads\/2022\/12\/cropped-ti-v2.png\",\"width\":242,\"height\":71,\"caption\":\"Terez\u00ednsk\u00e1 iniciativa\"},\"image\":{\"@id\":\"https:\/\/terezinskainiciativa.cz\/#\/schema\/logo\/image\/\"}}]}<\/script>\n<!-- \/ Yoast SEO plugin. -->","yoast_head_json":{"title":"Terez\u00ednsk\u00e1 iniciativa - \u010casopisy z let 1991 a\u017e 2000","description":"Kompletn\u00ed internetov\u00fd archiv \u010dasopis\u016f Terez\u00ednsk\u00e9 inicitivy ro\u010dn\u00edky 1991 a\u017e 2000 v\u00a0PDF form\u00e1tu voln\u011b ke sta\u017een\u00ed.","robots":{"index":"index","follow":"follow","max-snippet":"max-snippet:-1","max-image-preview":"max-image-preview:large","max-video-preview":"max-video-preview:-1"},"canonical":"https:\/\/terezinskainiciativa.cz\/en\/1991-2000\/","og_locale":"en_US","og_type":"article","og_title":"Terez\u00ednsk\u00e1 iniciativa - \u010casopisy z let 1991 a\u017e 2000","og_description":"Kompletn\u00ed internetov\u00fd archiv \u010dasopis\u016f Terez\u00ednsk\u00e9 inicitivy ro\u010dn\u00edky 1991 a\u017e 2000 v\u00a0PDF form\u00e1tu voln\u011b ke sta\u017een\u00ed.","og_url":"https:\/\/terezinskainiciativa.cz\/en\/1991-2000\/","og_site_name":"Terez\u00ednsk\u00e1 iniciativa","article_modified_time":"2023-10-24T00:30:32+00:00","og_image":[{"width":242,"height":71,"url":"https:\/\/terezinskainiciativa.cz\/wp-content\/uploads\/2022\/12\/cropped-ti-v2.png","type":"image\/png"}],"twitter_card":"summary_large_image","twitter_misc":{"Est. reading time":"1 minute"},"schema":{"@context":"https:\/\/schema.org","@graph":[{"@type":"WebPage","@id":"https:\/\/terezinskainiciativa.cz\/1991-2000\/","url":"https:\/\/terezinskainiciativa.cz\/1991-2000\/","name":"Terez\u00ednsk\u00e1 iniciativa - \u010casopisy z let 1991 a\u017e 2000","isPartOf":{"@id":"https:\/\/terezinskainiciativa.cz\/#website"},"datePublished":"2023-01-29T11:14:29+00:00","dateModified":"2023-10-24T00:30:32+00:00","description":"Kompletn\u00ed internetov\u00fd archiv \u010dasopis\u016f Terez\u00ednsk\u00e9 inicitivy ro\u010dn\u00edky 1991 a\u017e 2000 v\u00a0PDF form\u00e1tu voln\u011b ke sta\u017een\u00ed.","breadcrumb":{"@id":"https:\/\/terezinskainiciativa.cz\/1991-2000\/#breadcrumb"},"inLanguage":"en-US","potentialAction":[{"@type":"ReadAction","target":["https:\/\/terezinskainiciativa.cz\/1991-2000\/"]}]},{"@type":"BreadcrumbList","@id":"https:\/\/terezinskainiciativa.cz\/1991-2000\/#breadcrumb","itemListElement":[{"@type":"ListItem","position":1,"name":"Dom\u016f","item":"https:\/\/terezinskainiciativa.cz\/"},{"@type":"ListItem","position":2,"name":"1991 &#8211; 2000"}]},{"@type":"WebSite","@id":"https:\/\/terezinskainiciativa.cz\/#website","url":"https:\/\/terezinskainiciativa.cz\/","name":"Terez\u00ednsk\u00e1 iniciativa","description":"TI je sdru\u017een\u00ed b\u00fdval\u00fdch v\u011bz\u0148\u016f terez\u00ednsk\u00e9ho ghetta a jejich p\u0159\u00edm\u00fdch potomk\u016f","publisher":{"@id":"https:\/\/terezinskainiciativa.cz\/#organization"},"potentialAction":[{"@type":"SearchAction","target":{"@type":"EntryPoint","urlTemplate":"https:\/\/terezinskainiciativa.cz\/?s={search_term_string}"},"query-input":"required name=search_term_string"}],"inLanguage":"en-US"},{"@type":"Organization","@id":"https:\/\/terezinskainiciativa.cz\/#organization","name":"Terez\u00ednsk\u00e1 iniciativa","url":"https:\/\/terezinskainiciativa.cz\/","logo":{"@type":"ImageObject","inLanguage":"en-US","@id":"https:\/\/terezinskainiciativa.cz\/#\/schema\/logo\/image\/","url":"https:\/\/terezinskainiciativa.cz\/wp-content\/uploads\/2022\/12\/cropped-ti-v2.png","contentUrl":"https:\/\/terezinskainiciativa.cz\/wp-content\/uploads\/2022\/12\/cropped-ti-v2.png","width":242,"height":71,"caption":"Terez\u00ednsk\u00e1 iniciativa"},"image":{"@id":"https:\/\/terezinskainiciativa.cz\/#\/schema\/logo\/image\/"}}]}},"_links":{"self":[{"href":"https:\/\/terezinskainiciativa.cz\/en\/wp-json\/wp\/v2\/pages\/117"}],"collection":[{"href":"https:\/\/terezinskainiciativa.cz\/en\/wp-json\/wp\/v2\/pages"}],"about":[{"href":"https:\/\/terezinskainiciativa.cz\/en\/wp-json\/wp\/v2\/types\/page"}],"author":[{"embeddable":true,"href":"https:\/\/terezinskainiciativa.cz\/en\/wp-json\/wp\/v2\/users\/1"}],"replies":[{"embeddable":true,"href":"https:\/\/terezinskainiciativa.cz\/en\/wp-json\/wp\/v2\/comments?post=117"}],"version-history":[{"count":14,"href":"https:\/\/terezinskainiciativa.cz\/en\/wp-json\/wp\/v2\/pages\/117\/revisions"}],"predecessor-version":[{"id":709,"href":"https:\/\/terezinskainiciativa.cz\/en\/wp-json\/wp\/v2\/pages\/117\/revisions\/709"}],"wp:attachment":[{"href":"https:\/\/terezinskainiciativa.cz\/en\/wp-json\/wp\/v2\/media?parent=117"}],"curies":[{"name":"wp","href":"https:\/\/api.w.org\/{rel}","templated":true}]}}