{"id":119,"date":"2023-01-29T12:14:14","date_gmt":"2023-01-29T11:14:14","guid":{"rendered":"http:\/\/terezinskainiciativa.cz\/?page_id=119"},"modified":"2023-10-24T02:29:47","modified_gmt":"2023-10-24T00:29:47","slug":"2001-2","status":"publish","type":"page","link":"https:\/\/terezinskainiciativa.cz\/en\/2001-2\/","title":{"rendered":"2001 &#8211; 2005"},"content":{"rendered":"<h2 class=\"wp-block-heading\">2001<\/h2>\n\n\n\n<ul class=\"wp-block-list\">\n<li><a href=\"http:\/\/terezinskainiciativa.cz\/wp-content\/uploads\/2023\/01\/newsletter19.pdf\">19 &#8211; duben<\/a><\/li>\n\n\n\n<li><a href=\"http:\/\/terezinskainiciativa.cz\/wp-content\/uploads\/2023\/01\/newsletter20.pdf\">20 &#8211; listopad<\/a><\/li>\n<\/ul>\n\n\n\n<h2 class=\"wp-block-heading\">2002<\/h2>\n\n\n\n<ul class=\"wp-block-list\">\n<li><a href=\"http:\/\/terezinskainiciativa.cz\/wp-content\/uploads\/2023\/01\/newsletter21.pdf\">21 &#8211; b\u0159ezen<\/a><\/li>\n\n\n\n<li><a href=\"http:\/\/terezinskainiciativa.cz\/wp-content\/uploads\/2023\/01\/newsletter22.pdf\">22 &#8211; \u010derven<\/a><\/li>\n\n\n\n<li><a href=\"http:\/\/terezinskainiciativa.cz\/wp-content\/uploads\/2023\/01\/newsletter23.pdf\" target=\"_blank\" rel=\"noreferrer noopener\">23 &#8211; listopad<\/a><\/li>\n<\/ul>\n\n\n\n<h2 class=\"wp-block-heading\">2003<\/h2>\n\n\n\n<ul class=\"wp-block-list\">\n<li><a href=\"http:\/\/terezinskainiciativa.cz\/wp-content\/uploads\/2023\/01\/newsletter24_special.pdf\">mimo\u0159\u00e1dn\u00e9 vyd\u00e1n\u00ed &#8211; b\u0159ezen<\/a><\/li>\n\n\n\n<li><a href=\"http:\/\/terezinskainiciativa.cz\/wp-content\/uploads\/2023\/01\/newsletter24.pdf\">24 &#8211; b\u0159ezen<\/a><\/li>\n\n\n\n<li><a href=\"http:\/\/terezinskainiciativa.cz\/wp-content\/uploads\/2023\/01\/newsletter25.pdf\">25 &#8211; kv\u011bten<\/a><\/li>\n\n\n\n<li><a href=\"http:\/\/terezinskainiciativa.cz\/wp-content\/uploads\/2023\/01\/newsletter26.pdf\">26 &#8211; listopad<\/a><\/li>\n<\/ul>\n\n\n\n<h2 class=\"wp-block-heading\">2004<\/h2>\n\n\n\n<ul class=\"wp-block-list\">\n<li><a href=\"http:\/\/terezinskainiciativa.cz\/wp-content\/uploads\/2023\/01\/newsletter27.pdf\">27 &#8211; b\u0159ezen<\/a><\/li>\n\n\n\n<li><a href=\"http:\/\/terezinskainiciativa.cz\/wp-content\/uploads\/2023\/01\/newsletter28.pdf\">28 &#8211; kv\u011bten<\/a><\/li>\n\n\n\n<li><a href=\"http:\/\/terezinskainiciativa.cz\/wp-content\/uploads\/2023\/01\/newsletter29.pdf\">29 &#8211; \u0159\u00edjen<\/a><\/li>\n<\/ul>\n\n\n\n<h2 class=\"wp-block-heading\">2005<\/h2>\n\n\n\n<ul class=\"wp-block-list\">\n<li><a href=\"http:\/\/terezinskainiciativa.cz\/wp-content\/uploads\/2023\/01\/newsletter30.pdf\">30 &#8211; \u00fanor<\/a><\/li>\n\n\n\n<li><a href=\"http:\/\/terezinskainiciativa.cz\/wp-content\/uploads\/2023\/01\/newsletter31.pdf\">31 &#8211; kv\u011bten<\/a><\/li>\n\n\n\n<li><a href=\"http:\/\/terezinskainiciativa.cz\/wp-content\/uploads\/2023\/01\/newsletter32.pdf\">32 &#8211; \u0159\u00edjen<\/a><\/li>\n<\/ul>\n\n\n\n<div class=\"wp-block-buttons is-content-justification-center is-layout-flex wp-container-core-buttons-is-layout-1 wp-block-buttons-is-layout-flex\">\n<div class=\"wp-block-button is-style-outline is-style-outline--59986112eeab0ea3d33ee59d559a8892\"><a class=\"wp-block-button__link wp-element-button\" href=\"https:\/\/terezinskainiciativa.cz\/en\/1991-2000\/\">&lt;- 1991 &#8211; 2000<\/a><\/div>\n\n\n\n<div class=\"wp-block-button is-style-outline is-style-outline--dc994070110c9769fa4a72c2dd47fd68\"><a class=\"wp-block-button__link wp-element-button\" href=\"https:\/\/terezinskainiciativa.cz\/en\/2006-2010\/\">2006 &#8211; 2010 -&gt;<\/a><\/div>\n<\/div>","protected":false},"excerpt":{"rendered":"<p>2001 2002 2003 2004 2005<\/p>","protected":false},"author":1,"featured_media":0,"parent":0,"menu_order":0,"comment_status":"closed","ping_status":"closed","template":"","meta":{"footnotes":""},"class_list":["post-119","page","type-page","status-publish","hentry"],"yoast_head":"<!-- This site is optimized with the Yoast SEO plugin v21.9.1 - https:\/\/yoast.com\/wordpress\/plugins\/seo\/ -->\n<title>Terez\u00ednsk\u00e1 iniciativa - \u010casopisy z let 2001 a\u017e 2005<\/title>\n<meta name=\"description\" content=\"Kompletn\u00ed internetov\u00fd archiv \u010dasopis\u016f Terez\u00ednsk\u00e9 inicitivy ro\u010dn\u00edky 2001 a\u017e 2005 v\u00a0PDF form\u00e1tu voln\u011b ke sta\u017een\u00ed.\" \/>\n<meta name=\"robots\" content=\"index, follow, max-snippet:-1, max-image-preview:large, max-video-preview:-1\" \/>\n<link rel=\"canonical\" href=\"https:\/\/terezinskainiciativa.cz\/en\/2001-2\/\" \/>\n<meta property=\"og:locale\" content=\"en_US\" \/>\n<meta property=\"og:type\" content=\"article\" \/>\n<meta property=\"og:title\" content=\"Terez\u00ednsk\u00e1 iniciativa - \u010casopisy z let 2001 a\u017e 2005\" \/>\n<meta property=\"og:description\" content=\"Kompletn\u00ed internetov\u00fd archiv \u010dasopis\u016f Terez\u00ednsk\u00e9 inicitivy ro\u010dn\u00edky 2001 a\u017e 2005 v\u00a0PDF form\u00e1tu voln\u011b ke sta\u017een\u00ed.\" \/>\n<meta property=\"og:url\" content=\"https:\/\/terezinskainiciativa.cz\/en\/2001-2\/\" \/>\n<meta property=\"og:site_name\" content=\"Terez\u00ednsk\u00e1 iniciativa\" \/>\n<meta property=\"article:modified_time\" content=\"2023-10-24T00:29:47+00:00\" \/>\n<meta property=\"og:image\" content=\"https:\/\/terezinskainiciativa.cz\/wp-content\/uploads\/2022\/12\/cropped-ti-v2.png\" \/>\n\t<meta property=\"og:image:width\" content=\"242\" \/>\n\t<meta property=\"og:image:height\" content=\"71\" \/>\n\t<meta property=\"og:image:type\" content=\"image\/png\" \/>\n<meta name=\"twitter:card\" content=\"summary_large_image\" \/>\n<meta name=\"twitter:label1\" content=\"Est. reading time\" \/>\n\t<meta name=\"twitter:data1\" content=\"1 minute\" \/>\n<script type=\"application\/ld+json\" class=\"yoast-schema-graph\">{\"@context\":\"https:\/\/schema.org\",\"@graph\":[{\"@type\":\"WebPage\",\"@id\":\"https:\/\/terezinskainiciativa.cz\/2001-2\/\",\"url\":\"https:\/\/terezinskainiciativa.cz\/2001-2\/\",\"name\":\"Terez\u00ednsk\u00e1 iniciativa - \u010casopisy z let 2001 a\u017e 2005\",\"isPartOf\":{\"@id\":\"https:\/\/terezinskainiciativa.cz\/#website\"},\"datePublished\":\"2023-01-29T11:14:14+00:00\",\"dateModified\":\"2023-10-24T00:29:47+00:00\",\"description\":\"Kompletn\u00ed internetov\u00fd archiv \u010dasopis\u016f Terez\u00ednsk\u00e9 inicitivy ro\u010dn\u00edky 2001 a\u017e 2005 v\u00a0PDF form\u00e1tu voln\u011b ke sta\u017een\u00ed.\",\"breadcrumb\":{\"@id\":\"https:\/\/terezinskainiciativa.cz\/2001-2\/#breadcrumb\"},\"inLanguage\":\"en-US\",\"potentialAction\":[{\"@type\":\"ReadAction\",\"target\":[\"https:\/\/terezinskainiciativa.cz\/2001-2\/\"]}]},{\"@type\":\"BreadcrumbList\",\"@id\":\"https:\/\/terezinskainiciativa.cz\/2001-2\/#breadcrumb\",\"itemListElement\":[{\"@type\":\"ListItem\",\"position\":1,\"name\":\"Dom\u016f\",\"item\":\"https:\/\/terezinskainiciativa.cz\/\"},{\"@type\":\"ListItem\",\"position\":2,\"name\":\"2001 &#8211; 2005\"}]},{\"@type\":\"WebSite\",\"@id\":\"https:\/\/terezinskainiciativa.cz\/#website\",\"url\":\"https:\/\/terezinskainiciativa.cz\/\",\"name\":\"Terez\u00ednsk\u00e1 iniciativa\",\"description\":\"TI je sdru\u017een\u00ed b\u00fdval\u00fdch v\u011bz\u0148\u016f terez\u00ednsk\u00e9ho ghetta a jejich p\u0159\u00edm\u00fdch potomk\u016f\",\"publisher\":{\"@id\":\"https:\/\/terezinskainiciativa.cz\/#organization\"},\"potentialAction\":[{\"@type\":\"SearchAction\",\"target\":{\"@type\":\"EntryPoint\",\"urlTemplate\":\"https:\/\/terezinskainiciativa.cz\/?s={search_term_string}\"},\"query-input\":\"required name=search_term_string\"}],\"inLanguage\":\"en-US\"},{\"@type\":\"Organization\",\"@id\":\"https:\/\/terezinskainiciativa.cz\/#organization\",\"name\":\"Terez\u00ednsk\u00e1 iniciativa\",\"url\":\"https:\/\/terezinskainiciativa.cz\/\",\"logo\":{\"@type\":\"ImageObject\",\"inLanguage\":\"en-US\",\"@id\":\"https:\/\/terezinskainiciativa.cz\/#\/schema\/logo\/image\/\",\"url\":\"https:\/\/terezinskainiciativa.cz\/wp-content\/uploads\/2022\/12\/cropped-ti-v2.png\",\"contentUrl\":\"https:\/\/terezinskainiciativa.cz\/wp-content\/uploads\/2022\/12\/cropped-ti-v2.png\",\"width\":242,\"height\":71,\"caption\":\"Terez\u00ednsk\u00e1 iniciativa\"},\"image\":{\"@id\":\"https:\/\/terezinskainiciativa.cz\/#\/schema\/logo\/image\/\"}}]}<\/script>\n<!-- \/ Yoast SEO plugin. -->","yoast_head_json":{"title":"Terez\u00ednsk\u00e1 iniciativa - \u010casopisy z let 2001 a\u017e 2005","description":"Kompletn\u00ed internetov\u00fd archiv \u010dasopis\u016f Terez\u00ednsk\u00e9 inicitivy ro\u010dn\u00edky 2001 a\u017e 2005 v\u00a0PDF form\u00e1tu voln\u011b ke sta\u017een\u00ed.","robots":{"index":"index","follow":"follow","max-snippet":"max-snippet:-1","max-image-preview":"max-image-preview:large","max-video-preview":"max-video-preview:-1"},"canonical":"https:\/\/terezinskainiciativa.cz\/en\/2001-2\/","og_locale":"en_US","og_type":"article","og_title":"Terez\u00ednsk\u00e1 iniciativa - \u010casopisy z let 2001 a\u017e 2005","og_description":"Kompletn\u00ed internetov\u00fd archiv \u010dasopis\u016f Terez\u00ednsk\u00e9 inicitivy ro\u010dn\u00edky 2001 a\u017e 2005 v\u00a0PDF form\u00e1tu voln\u011b ke sta\u017een\u00ed.","og_url":"https:\/\/terezinskainiciativa.cz\/en\/2001-2\/","og_site_name":"Terez\u00ednsk\u00e1 iniciativa","article_modified_time":"2023-10-24T00:29:47+00:00","og_image":[{"width":242,"height":71,"url":"https:\/\/terezinskainiciativa.cz\/wp-content\/uploads\/2022\/12\/cropped-ti-v2.png","type":"image\/png"}],"twitter_card":"summary_large_image","twitter_misc":{"Est. reading time":"1 minute"},"schema":{"@context":"https:\/\/schema.org","@graph":[{"@type":"WebPage","@id":"https:\/\/terezinskainiciativa.cz\/2001-2\/","url":"https:\/\/terezinskainiciativa.cz\/2001-2\/","name":"Terez\u00ednsk\u00e1 iniciativa - \u010casopisy z let 2001 a\u017e 2005","isPartOf":{"@id":"https:\/\/terezinskainiciativa.cz\/#website"},"datePublished":"2023-01-29T11:14:14+00:00","dateModified":"2023-10-24T00:29:47+00:00","description":"Kompletn\u00ed internetov\u00fd archiv \u010dasopis\u016f Terez\u00ednsk\u00e9 inicitivy ro\u010dn\u00edky 2001 a\u017e 2005 v\u00a0PDF form\u00e1tu voln\u011b ke sta\u017een\u00ed.","breadcrumb":{"@id":"https:\/\/terezinskainiciativa.cz\/2001-2\/#breadcrumb"},"inLanguage":"en-US","potentialAction":[{"@type":"ReadAction","target":["https:\/\/terezinskainiciativa.cz\/2001-2\/"]}]},{"@type":"BreadcrumbList","@id":"https:\/\/terezinskainiciativa.cz\/2001-2\/#breadcrumb","itemListElement":[{"@type":"ListItem","position":1,"name":"Dom\u016f","item":"https:\/\/terezinskainiciativa.cz\/"},{"@type":"ListItem","position":2,"name":"2001 &#8211; 2005"}]},{"@type":"WebSite","@id":"https:\/\/terezinskainiciativa.cz\/#website","url":"https:\/\/terezinskainiciativa.cz\/","name":"Terez\u00ednsk\u00e1 iniciativa","description":"TI je sdru\u017een\u00ed b\u00fdval\u00fdch v\u011bz\u0148\u016f terez\u00ednsk\u00e9ho ghetta a jejich p\u0159\u00edm\u00fdch potomk\u016f","publisher":{"@id":"https:\/\/terezinskainiciativa.cz\/#organization"},"potentialAction":[{"@type":"SearchAction","target":{"@type":"EntryPoint","urlTemplate":"https:\/\/terezinskainiciativa.cz\/?s={search_term_string}"},"query-input":"required name=search_term_string"}],"inLanguage":"en-US"},{"@type":"Organization","@id":"https:\/\/terezinskainiciativa.cz\/#organization","name":"Terez\u00ednsk\u00e1 iniciativa","url":"https:\/\/terezinskainiciativa.cz\/","logo":{"@type":"ImageObject","inLanguage":"en-US","@id":"https:\/\/terezinskainiciativa.cz\/#\/schema\/logo\/image\/","url":"https:\/\/terezinskainiciativa.cz\/wp-content\/uploads\/2022\/12\/cropped-ti-v2.png","contentUrl":"https:\/\/terezinskainiciativa.cz\/wp-content\/uploads\/2022\/12\/cropped-ti-v2.png","width":242,"height":71,"caption":"Terez\u00ednsk\u00e1 iniciativa"},"image":{"@id":"https:\/\/terezinskainiciativa.cz\/#\/schema\/logo\/image\/"}}]}},"_links":{"self":[{"href":"https:\/\/terezinskainiciativa.cz\/en\/wp-json\/wp\/v2\/pages\/119"}],"collection":[{"href":"https:\/\/terezinskainiciativa.cz\/en\/wp-json\/wp\/v2\/pages"}],"about":[{"href":"https:\/\/terezinskainiciativa.cz\/en\/wp-json\/wp\/v2\/types\/page"}],"author":[{"embeddable":true,"href":"https:\/\/terezinskainiciativa.cz\/en\/wp-json\/wp\/v2\/users\/1"}],"replies":[{"embeddable":true,"href":"https:\/\/terezinskainiciativa.cz\/en\/wp-json\/wp\/v2\/comments?post=119"}],"version-history":[{"count":9,"href":"https:\/\/terezinskainiciativa.cz\/en\/wp-json\/wp\/v2\/pages\/119\/revisions"}],"predecessor-version":[{"id":708,"href":"https:\/\/terezinskainiciativa.cz\/en\/wp-json\/wp\/v2\/pages\/119\/revisions\/708"}],"wp:attachment":[{"href":"https:\/\/terezinskainiciativa.cz\/en\/wp-json\/wp\/v2\/media?parent=119"}],"curies":[{"name":"wp","href":"https:\/\/api.w.org\/{rel}","templated":true}]}}