{"id":124,"date":"2023-01-29T12:25:11","date_gmt":"2023-01-29T11:25:11","guid":{"rendered":"http:\/\/terezinskainiciativa.cz\/?page_id=124"},"modified":"2023-10-24T02:28:38","modified_gmt":"2023-10-24T00:28:38","slug":"2006-2010","status":"publish","type":"page","link":"https:\/\/terezinskainiciativa.cz\/en\/2006-2010\/","title":{"rendered":"2006 &#8211; 2010"},"content":{"rendered":"<h2 class=\"wp-block-heading\">2006<\/h2>\n\n\n\n<ul class=\"wp-block-list\">\n<li><a href=\"http:\/\/terezinskainiciativa.cz\/wp-content\/uploads\/2023\/01\/newsletter33.pdf\">33 &#8211; leden<\/a><\/li>\n\n\n\n<li><a href=\"http:\/\/terezinskainiciativa.cz\/wp-content\/uploads\/2023\/01\/newsletter34.pdf\">34 &#8211; b\u0159ezen<\/a><\/li>\n\n\n\n<li><a href=\"http:\/\/terezinskainiciativa.cz\/wp-content\/uploads\/2023\/01\/newsletter35.pdf\">35 &#8211; kv\u011bten<\/a><\/li>\n\n\n\n<li><a href=\"http:\/\/terezinskainiciativa.cz\/wp-content\/uploads\/2023\/01\/newsletter36.pdf\">36 &#8211; z\u00e1\u0159\u00ed<\/a><\/li>\n<\/ul>\n\n\n\n<h2 class=\"wp-block-heading\">2007<\/h2>\n\n\n\n<ul class=\"wp-block-list\">\n<li><a href=\"http:\/\/terezinskainiciativa.cz\/wp-content\/uploads\/2023\/01\/newsletter37.pdf\">37 &#8211; leden<\/a><\/li>\n\n\n\n<li><a href=\"http:\/\/terezinskainiciativa.cz\/wp-content\/uploads\/2023\/01\/newsletter38.pdf\">38 &#8211; b\u0159ezen<\/a><\/li>\n\n\n\n<li><a href=\"http:\/\/terezinskainiciativa.cz\/wp-content\/uploads\/2023\/01\/newsletter39.pdf\">39 &#8211; \u010derven<\/a><\/li>\n\n\n\n<li><a href=\"http:\/\/terezinskainiciativa.cz\/wp-content\/uploads\/2023\/01\/newsletter40.pdf\">40 &#8211; \u0159\u00edjen<\/a><\/li>\n<\/ul>\n\n\n\n<h2 class=\"wp-block-heading\">2008<\/h2>\n\n\n\n<ul class=\"wp-block-list\">\n<li><a href=\"http:\/\/terezinskainiciativa.cz\/wp-content\/uploads\/2023\/01\/newsletter41.pdf\">41 &#8211; leden<\/a><\/li>\n\n\n\n<li><a href=\"http:\/\/terezinskainiciativa.cz\/wp-content\/uploads\/2023\/01\/newsletter42.pdf\">42 &#8211; b\u0159ezen<\/a><\/li>\n\n\n\n<li><a href=\"http:\/\/terezinskainiciativa.cz\/wp-content\/uploads\/2023\/01\/newsletter43.pdf\">43 &#8211; kv\u011bten<\/a><\/li>\n\n\n\n<li><a href=\"http:\/\/terezinskainiciativa.cz\/wp-content\/uploads\/2023\/01\/newsletter44.pdf\">44 &#8211; \u0159\u00edjen<\/a><\/li>\n\n\n\n<li><a href=\"http:\/\/terezinskainiciativa.cz\/wp-content\/uploads\/2023\/01\/newsletter45.pdf\">45 &#8211; prosinec<\/a><\/li>\n<\/ul>\n\n\n\n<h2 class=\"wp-block-heading\">2009<\/h2>\n\n\n\n<ul class=\"wp-block-list\">\n<li><a href=\"http:\/\/terezinskainiciativa.cz\/wp-content\/uploads\/2023\/01\/newsletter46.pdf\">46 &#8211; \u00fanor<\/a><\/li>\n\n\n\n<li><a href=\"http:\/\/terezinskainiciativa.cz\/wp-content\/uploads\/2023\/01\/newsletter47.pdf\">47 &#8211; kv\u011bten<\/a><\/li>\n\n\n\n<li><a href=\"http:\/\/terezinskainiciativa.cz\/wp-content\/uploads\/2023\/01\/newsletter48.pdf\">48 &#8211; z\u00e1\u0159\u00ed<\/a><\/li>\n\n\n\n<li><a href=\"http:\/\/terezinskainiciativa.cz\/wp-content\/uploads\/2023\/01\/newsletter49.pdf\">49 &#8211; listopad<\/a><\/li>\n<\/ul>\n\n\n\n<h2 class=\"wp-block-heading\">2010<\/h2>\n\n\n\n<ul class=\"wp-block-list\">\n<li><a href=\"http:\/\/terezinskainiciativa.cz\/wp-content\/uploads\/2023\/01\/newsletter50.pdf\">50 &#8211; \u00fanor<\/a><\/li>\n\n\n\n<li><a href=\"http:\/\/terezinskainiciativa.cz\/wp-content\/uploads\/2023\/01\/newsletter51.pdf\">51 &#8211; kv\u011bten<\/a><\/li>\n\n\n\n<li><a href=\"http:\/\/terezinskainiciativa.cz\/wp-content\/uploads\/2023\/01\/newsletter52.pdf\">52 &#8211; z\u00e1\u0159\u00ed<\/a><\/li>\n\n\n\n<li><a href=\"http:\/\/terezinskainiciativa.cz\/wp-content\/uploads\/2023\/01\/newsletter53.pdf\">53 &#8211; listopad<\/a><\/li>\n<\/ul>\n\n\n\n<div class=\"wp-block-buttons is-content-justification-center is-layout-flex wp-container-core-buttons-is-layout-1 wp-block-buttons-is-layout-flex\">\n<div class=\"wp-block-button is-style-outline is-style-outline--6080fc1730a2784df6cb1b5219202927\"><a class=\"wp-block-button__link wp-element-button\" href=\"https:\/\/terezinskainiciativa.cz\/en\/2001-2\/\">&lt;- 2001 &#8211; 2005<\/a><\/div>\n\n\n\n<div class=\"wp-block-button is-style-outline is-style-outline--aedee3d97f4174b5b4454b79fbfec3e9\"><a class=\"wp-block-button__link wp-element-button\" href=\"https:\/\/terezinskainiciativa.cz\/en\/2011-2015\/\">2011 &#8211; 2015 -&gt;<\/a><\/div>\n<\/div>","protected":false},"excerpt":{"rendered":"<p>2006 2007 2008 2009 2010<\/p>","protected":false},"author":1,"featured_media":0,"parent":0,"menu_order":0,"comment_status":"closed","ping_status":"closed","template":"","meta":{"footnotes":""},"class_list":["post-124","page","type-page","status-publish","hentry"],"yoast_head":"<!-- This site is optimized with the Yoast SEO plugin v21.9.1 - https:\/\/yoast.com\/wordpress\/plugins\/seo\/ -->\n<title>Terez\u00ednsk\u00e1 iniciativa - \u010casopisy z let 2006 a\u017e 2010<\/title>\n<meta name=\"description\" content=\"Kompletn\u00ed internetov\u00fd archiv \u010dasopis\u016f Terez\u00ednsk\u00e9 inicitivy ro\u010dn\u00edky 2006 a\u017e 2010 v\u00a0PDF form\u00e1tu voln\u011b ke sta\u017een\u00ed.\" \/>\n<meta name=\"robots\" content=\"index, follow, max-snippet:-1, max-image-preview:large, max-video-preview:-1\" \/>\n<link rel=\"canonical\" href=\"https:\/\/terezinskainiciativa.cz\/en\/2006-2010\/\" \/>\n<meta property=\"og:locale\" content=\"en_US\" \/>\n<meta property=\"og:type\" content=\"article\" \/>\n<meta property=\"og:title\" content=\"Terez\u00ednsk\u00e1 iniciativa - \u010casopisy z let 2006 a\u017e 2010\" \/>\n<meta property=\"og:description\" content=\"Kompletn\u00ed internetov\u00fd archiv \u010dasopis\u016f Terez\u00ednsk\u00e9 inicitivy ro\u010dn\u00edky 2006 a\u017e 2010 v\u00a0PDF form\u00e1tu voln\u011b ke sta\u017een\u00ed.\" \/>\n<meta property=\"og:url\" content=\"https:\/\/terezinskainiciativa.cz\/en\/2006-2010\/\" \/>\n<meta property=\"og:site_name\" content=\"Terez\u00ednsk\u00e1 iniciativa\" \/>\n<meta property=\"article:modified_time\" content=\"2023-10-24T00:28:38+00:00\" \/>\n<meta property=\"og:image\" content=\"https:\/\/terezinskainiciativa.cz\/wp-content\/uploads\/2022\/12\/cropped-ti-v2.png\" \/>\n\t<meta property=\"og:image:width\" content=\"242\" \/>\n\t<meta property=\"og:image:height\" content=\"71\" \/>\n\t<meta property=\"og:image:type\" content=\"image\/png\" \/>\n<meta name=\"twitter:card\" content=\"summary_large_image\" \/>\n<meta name=\"twitter:label1\" content=\"Est. reading time\" \/>\n\t<meta name=\"twitter:data1\" content=\"1 minute\" \/>\n<script type=\"application\/ld+json\" class=\"yoast-schema-graph\">{\"@context\":\"https:\/\/schema.org\",\"@graph\":[{\"@type\":\"WebPage\",\"@id\":\"https:\/\/terezinskainiciativa.cz\/2006-2010\/\",\"url\":\"https:\/\/terezinskainiciativa.cz\/2006-2010\/\",\"name\":\"Terez\u00ednsk\u00e1 iniciativa - \u010casopisy z let 2006 a\u017e 2010\",\"isPartOf\":{\"@id\":\"https:\/\/terezinskainiciativa.cz\/#website\"},\"datePublished\":\"2023-01-29T11:25:11+00:00\",\"dateModified\":\"2023-10-24T00:28:38+00:00\",\"description\":\"Kompletn\u00ed internetov\u00fd archiv \u010dasopis\u016f Terez\u00ednsk\u00e9 inicitivy ro\u010dn\u00edky 2006 a\u017e 2010 v\u00a0PDF form\u00e1tu voln\u011b ke sta\u017een\u00ed.\",\"breadcrumb\":{\"@id\":\"https:\/\/terezinskainiciativa.cz\/2006-2010\/#breadcrumb\"},\"inLanguage\":\"en-US\",\"potentialAction\":[{\"@type\":\"ReadAction\",\"target\":[\"https:\/\/terezinskainiciativa.cz\/2006-2010\/\"]}]},{\"@type\":\"BreadcrumbList\",\"@id\":\"https:\/\/terezinskainiciativa.cz\/2006-2010\/#breadcrumb\",\"itemListElement\":[{\"@type\":\"ListItem\",\"position\":1,\"name\":\"Dom\u016f\",\"item\":\"https:\/\/terezinskainiciativa.cz\/\"},{\"@type\":\"ListItem\",\"position\":2,\"name\":\"2006 &#8211; 2010\"}]},{\"@type\":\"WebSite\",\"@id\":\"https:\/\/terezinskainiciativa.cz\/#website\",\"url\":\"https:\/\/terezinskainiciativa.cz\/\",\"name\":\"Terez\u00ednsk\u00e1 iniciativa\",\"description\":\"TI je sdru\u017een\u00ed b\u00fdval\u00fdch v\u011bz\u0148\u016f terez\u00ednsk\u00e9ho ghetta a jejich p\u0159\u00edm\u00fdch potomk\u016f\",\"publisher\":{\"@id\":\"https:\/\/terezinskainiciativa.cz\/#organization\"},\"potentialAction\":[{\"@type\":\"SearchAction\",\"target\":{\"@type\":\"EntryPoint\",\"urlTemplate\":\"https:\/\/terezinskainiciativa.cz\/?s={search_term_string}\"},\"query-input\":\"required name=search_term_string\"}],\"inLanguage\":\"en-US\"},{\"@type\":\"Organization\",\"@id\":\"https:\/\/terezinskainiciativa.cz\/#organization\",\"name\":\"Terez\u00ednsk\u00e1 iniciativa\",\"url\":\"https:\/\/terezinskainiciativa.cz\/\",\"logo\":{\"@type\":\"ImageObject\",\"inLanguage\":\"en-US\",\"@id\":\"https:\/\/terezinskainiciativa.cz\/#\/schema\/logo\/image\/\",\"url\":\"https:\/\/terezinskainiciativa.cz\/wp-content\/uploads\/2022\/12\/cropped-ti-v2.png\",\"contentUrl\":\"https:\/\/terezinskainiciativa.cz\/wp-content\/uploads\/2022\/12\/cropped-ti-v2.png\",\"width\":242,\"height\":71,\"caption\":\"Terez\u00ednsk\u00e1 iniciativa\"},\"image\":{\"@id\":\"https:\/\/terezinskainiciativa.cz\/#\/schema\/logo\/image\/\"}}]}<\/script>\n<!-- \/ Yoast SEO plugin. -->","yoast_head_json":{"title":"Terez\u00ednsk\u00e1 iniciativa - \u010casopisy z let 2006 a\u017e 2010","description":"Kompletn\u00ed internetov\u00fd archiv \u010dasopis\u016f Terez\u00ednsk\u00e9 inicitivy ro\u010dn\u00edky 2006 a\u017e 2010 v\u00a0PDF form\u00e1tu voln\u011b ke sta\u017een\u00ed.","robots":{"index":"index","follow":"follow","max-snippet":"max-snippet:-1","max-image-preview":"max-image-preview:large","max-video-preview":"max-video-preview:-1"},"canonical":"https:\/\/terezinskainiciativa.cz\/en\/2006-2010\/","og_locale":"en_US","og_type":"article","og_title":"Terez\u00ednsk\u00e1 iniciativa - \u010casopisy z let 2006 a\u017e 2010","og_description":"Kompletn\u00ed internetov\u00fd archiv \u010dasopis\u016f Terez\u00ednsk\u00e9 inicitivy ro\u010dn\u00edky 2006 a\u017e 2010 v\u00a0PDF form\u00e1tu voln\u011b ke sta\u017een\u00ed.","og_url":"https:\/\/terezinskainiciativa.cz\/en\/2006-2010\/","og_site_name":"Terez\u00ednsk\u00e1 iniciativa","article_modified_time":"2023-10-24T00:28:38+00:00","og_image":[{"width":242,"height":71,"url":"https:\/\/terezinskainiciativa.cz\/wp-content\/uploads\/2022\/12\/cropped-ti-v2.png","type":"image\/png"}],"twitter_card":"summary_large_image","twitter_misc":{"Est. reading time":"1 minute"},"schema":{"@context":"https:\/\/schema.org","@graph":[{"@type":"WebPage","@id":"https:\/\/terezinskainiciativa.cz\/2006-2010\/","url":"https:\/\/terezinskainiciativa.cz\/2006-2010\/","name":"Terez\u00ednsk\u00e1 iniciativa - \u010casopisy z let 2006 a\u017e 2010","isPartOf":{"@id":"https:\/\/terezinskainiciativa.cz\/#website"},"datePublished":"2023-01-29T11:25:11+00:00","dateModified":"2023-10-24T00:28:38+00:00","description":"Kompletn\u00ed internetov\u00fd archiv \u010dasopis\u016f Terez\u00ednsk\u00e9 inicitivy ro\u010dn\u00edky 2006 a\u017e 2010 v\u00a0PDF form\u00e1tu voln\u011b ke sta\u017een\u00ed.","breadcrumb":{"@id":"https:\/\/terezinskainiciativa.cz\/2006-2010\/#breadcrumb"},"inLanguage":"en-US","potentialAction":[{"@type":"ReadAction","target":["https:\/\/terezinskainiciativa.cz\/2006-2010\/"]}]},{"@type":"BreadcrumbList","@id":"https:\/\/terezinskainiciativa.cz\/2006-2010\/#breadcrumb","itemListElement":[{"@type":"ListItem","position":1,"name":"Dom\u016f","item":"https:\/\/terezinskainiciativa.cz\/"},{"@type":"ListItem","position":2,"name":"2006 &#8211; 2010"}]},{"@type":"WebSite","@id":"https:\/\/terezinskainiciativa.cz\/#website","url":"https:\/\/terezinskainiciativa.cz\/","name":"Terez\u00ednsk\u00e1 iniciativa","description":"TI je sdru\u017een\u00ed b\u00fdval\u00fdch v\u011bz\u0148\u016f terez\u00ednsk\u00e9ho ghetta a jejich p\u0159\u00edm\u00fdch potomk\u016f","publisher":{"@id":"https:\/\/terezinskainiciativa.cz\/#organization"},"potentialAction":[{"@type":"SearchAction","target":{"@type":"EntryPoint","urlTemplate":"https:\/\/terezinskainiciativa.cz\/?s={search_term_string}"},"query-input":"required name=search_term_string"}],"inLanguage":"en-US"},{"@type":"Organization","@id":"https:\/\/terezinskainiciativa.cz\/#organization","name":"Terez\u00ednsk\u00e1 iniciativa","url":"https:\/\/terezinskainiciativa.cz\/","logo":{"@type":"ImageObject","inLanguage":"en-US","@id":"https:\/\/terezinskainiciativa.cz\/#\/schema\/logo\/image\/","url":"https:\/\/terezinskainiciativa.cz\/wp-content\/uploads\/2022\/12\/cropped-ti-v2.png","contentUrl":"https:\/\/terezinskainiciativa.cz\/wp-content\/uploads\/2022\/12\/cropped-ti-v2.png","width":242,"height":71,"caption":"Terez\u00ednsk\u00e1 iniciativa"},"image":{"@id":"https:\/\/terezinskainiciativa.cz\/#\/schema\/logo\/image\/"}}]}},"_links":{"self":[{"href":"https:\/\/terezinskainiciativa.cz\/en\/wp-json\/wp\/v2\/pages\/124"}],"collection":[{"href":"https:\/\/terezinskainiciativa.cz\/en\/wp-json\/wp\/v2\/pages"}],"about":[{"href":"https:\/\/terezinskainiciativa.cz\/en\/wp-json\/wp\/v2\/types\/page"}],"author":[{"embeddable":true,"href":"https:\/\/terezinskainiciativa.cz\/en\/wp-json\/wp\/v2\/users\/1"}],"replies":[{"embeddable":true,"href":"https:\/\/terezinskainiciativa.cz\/en\/wp-json\/wp\/v2\/comments?post=124"}],"version-history":[{"count":6,"href":"https:\/\/terezinskainiciativa.cz\/en\/wp-json\/wp\/v2\/pages\/124\/revisions"}],"predecessor-version":[{"id":710,"href":"https:\/\/terezinskainiciativa.cz\/en\/wp-json\/wp\/v2\/pages\/124\/revisions\/710"}],"wp:attachment":[{"href":"https:\/\/terezinskainiciativa.cz\/en\/wp-json\/wp\/v2\/media?parent=124"}],"curies":[{"name":"wp","href":"https:\/\/api.w.org\/{rel}","templated":true}]}}