{"id":289,"date":"2023-02-01T16:22:22","date_gmt":"2023-02-01T15:22:22","guid":{"rendered":"http:\/\/terezinskainiciativa.cz\/?page_id=289"},"modified":"2026-03-14T15:48:44","modified_gmt":"2026-03-14T14:48:44","slug":"2021-2025","status":"publish","type":"page","link":"https:\/\/terezinskainiciativa.cz\/en\/2021-2025\/","title":{"rendered":"2021 &#8211; 2025"},"content":{"rendered":"<h2 class=\"wp-block-heading\">2021<\/h2>\n\n\n\n<ul class=\"wp-block-list\">\n<li><a href=\"http:\/\/terezinskainiciativa.cz\/wp-content\/uploads\/2023\/01\/newsletterTI_103.pdf\">103 \u2013 January<\/a><\/li>\n\n\n\n<li><a href=\"http:\/\/terezinskainiciativa.cz\/wp-content\/uploads\/2023\/01\/newsletterTI_104.pdf\">104 - March<\/a><\/li>\n\n\n\n<li><a href=\"http:\/\/terezinskainiciativa.cz\/wp-content\/uploads\/2023\/01\/newsletterTI_104a.pdf\">special issue - April<\/a><\/li>\n\n\n\n<li><a href=\"http:\/\/terezinskainiciativa.cz\/wp-content\/uploads\/2023\/01\/newsletterTI_105.pdf\">105 \u2013 May<\/a><\/li>\n\n\n\n<li><a href=\"http:\/\/terezinskainiciativa.cz\/wp-content\/uploads\/2023\/01\/newsletterTI_106.pdf\">106 \u2013 August<\/a><\/li>\n\n\n\n<li><a href=\"http:\/\/terezinskainiciativa.cz\/wp-content\/uploads\/2023\/01\/newsletterTI_107.pdf\">107 \u2013 November<\/a><\/li>\n<\/ul>\n\n\n\n<h2 class=\"wp-block-heading\">2022<\/h2>\n\n\n\n<ul class=\"wp-block-list\">\n<li><a href=\"http:\/\/terezinskainiciativa.cz\/wp-content\/uploads\/2023\/01\/newsletterTI_108.pdf\">108 \u2013 January<\/a><\/li>\n\n\n\n<li><a href=\"http:\/\/terezinskainiciativa.cz\/wp-content\/uploads\/2023\/01\/newsletterTI_109.pdf\">109 \u2013 March<\/a><\/li>\n\n\n\n<li><a href=\"http:\/\/terezinskainiciativa.cz\/wp-content\/uploads\/2023\/01\/newsletterTI_110.pdf\">110 \u2013 May<\/a><\/li>\n\n\n\n<li><a href=\"http:\/\/terezinskainiciativa.cz\/wp-content\/uploads\/2023\/01\/newsletterTI_111.pdf\">111 \u2013 August<\/a><\/li>\n\n\n\n<li><a href=\"http:\/\/terezinskainiciativa.cz\/wp-content\/uploads\/2023\/01\/newsletterTI_112.pdf\">112 \u2013 November<\/a><\/li>\n<\/ul>\n\n\n\n<h2 class=\"wp-block-heading\">2023<\/h2>\n\n\n\n<ul class=\"wp-block-list\">\n<li><a href=\"http:\/\/terezinskainiciativa.cz\/wp-content\/uploads\/2023\/03\/Terezinska-iniciativa-c.-113.pdf\">113 \u2013 January<\/a><\/li>\n\n\n\n<li><a href=\"http:\/\/terezinskainiciativa.cz\/wp-content\/uploads\/2023\/03\/Terezinska-iniciativa-c.-114-pro-web.pdf\">114 \u2013 March<\/a><\/li>\n\n\n\n<li><a data-type=\"URL\" data-id=\"https:\/\/terezinskainiciativa.cz\/wp-content\/uploads\/2023\/06\/Terezinska-iniciativa-c.-115.pdf\" href=\"https:\/\/terezinskainiciativa.cz\/wp-content\/uploads\/2023\/06\/Terezinska-iniciativa-c.-115.pdf\" target=\"_blank\" rel=\"noreferrer noopener\">115 \u2013 May<\/a><\/li>\n\n\n\n<li><a href=\"https:\/\/terezinskainiciativa.cz\/wp-content\/uploads\/2023\/08\/Terezinska-iniciativa-c.-116.pdf\">116 \u2013 July<\/a><\/li>\n\n\n\n<li><a href=\"https:\/\/terezinskainiciativa.cz\/wp-content\/uploads\/2023\/10\/Terezinska-iniciativa-c.-117.pdf\">117 \u2013 October<\/a><\/li>\n\n\n\n<li><a href=\"https:\/\/terezinskainiciativa.cz\/wp-content\/uploads\/2023\/11\/Terezinska-iniciativa-c.-118.pdf\" target=\"_blank\" rel=\"noreferrer noopener\">118 \u2013 November<\/a><\/li>\n<\/ul>\n\n\n\n<h2 class=\"wp-block-heading\">2024<\/h2>\n\n\n\n<ul class=\"wp-block-list\">\n<li><a href=\"https:\/\/terezinskainiciativa.cz\/wp-content\/uploads\/2024\/02\/Terezinska-iniciativa-c.-119.pdf\">119 &#8211; \u00fanor<\/a><\/li>\n\n\n\n<li><a href=\"https:\/\/terezinskainiciativa.cz\/wp-content\/uploads\/2024\/04\/Terezinska-iniciativa-c.-120.pdf\">120 &#8211; b\u0159ezen<\/a><\/li>\n\n\n\n<li><a href=\"https:\/\/terezinskainiciativa.cz\/wp-content\/uploads\/2024\/06\/Terezinska-iniciativa-c.-121.pdf\">121 &#8211; \u010derven<\/a><\/li>\n\n\n\n<li><a href=\"https:\/\/terezinskainiciativa.cz\/wp-content\/uploads\/2024\/10\/Terezinska-iniciativa-c.-122.pdf\">122 &#8211; srpen<\/a><\/li>\n\n\n\n<li><a href=\"https:\/\/terezinskainiciativa.cz\/wp-content\/uploads\/2024\/12\/Terezinska-iniciativa-c.-123.pdf\">123 &#8211; \u0159\u00edjen<\/a><\/li>\n<\/ul>\n\n\n\n<h2 class=\"wp-block-heading\">2025<\/h2>\n\n\n\n<ul class=\"wp-block-list\">\n<li><a href=\"https:\/\/terezinskainiciativa.cz\/wp-content\/uploads\/2025\/02\/Terezinska-iniciativa-c.-124.pdf\">124 &#8211; leden<\/a><\/li>\n\n\n\n<li><a href=\"https:\/\/terezinskainiciativa.cz\/wp-content\/uploads\/2025\/03\/Terezinska-iniciativa-c.-125.pdf\">125 &#8211; b\u0159ezen<\/a><\/li>\n\n\n\n<li><a href=\"https:\/\/terezinskainiciativa.cz\/wp-content\/uploads\/2025\/06\/Terezinska-iniciativa-c.-126.pdf\">126 &#8211; kv\u011bten<\/a><\/li>\n\n\n\n<li><a href=\"https:\/\/terezinskainiciativa.cz\/wp-content\/uploads\/2025\/07\/Terezinska-iniciativa-c.-127.pdf\">127 &#8211; \u010dervenec<\/a><\/li>\n\n\n\n<li><a href=\"https:\/\/terezinskainiciativa.cz\/wp-content\/uploads\/2025\/10\/Terezinska-iniciativa-c.-128.pdf\">128 &#8211; z\u00e1\u0159\u00ed<\/a><\/li>\n\n\n\n<li><a href=\"https:\/\/terezinskainiciativa.cz\/wp-content\/uploads\/2025\/11\/Terezinska-iniciativa-c.-129.pdf\">129 &#8211; listopad<\/a><\/li>\n<\/ul>\n\n\n\n<div class=\"wp-block-buttons is-content-justification-center is-layout-flex wp-container-core-buttons-is-layout-1 wp-block-buttons-is-layout-flex\">\n<div class=\"wp-block-button is-style-outline is-style-outline--a514a693f62eecd7b5ababc6309028a1\"><a class=\"wp-block-button__link wp-element-button\" href=\"https:\/\/terezinskainiciativa.cz\/en\/2016-2020\/\">&lt;- 2016 &#8211; 2020<\/a><\/div>\n\n\n\n<div class=\"wp-block-button is-style-outline is-style-outline--2bd2ee9aa1516f8cf87a303742f7552c\"><a class=\"wp-block-button__link wp-element-button\" href=\"https:\/\/terezinskainiciativa.cz\/en\/soucasnost\/\">2026 -><\/a><\/div>\n<\/div>","protected":false},"excerpt":{"rendered":"<p>2021 2022 2023 2024 2025<\/p>","protected":false},"author":1,"featured_media":0,"parent":0,"menu_order":0,"comment_status":"closed","ping_status":"closed","template":"","meta":{"footnotes":""},"class_list":["post-289","page","type-page","status-publish","hentry"],"yoast_head":"<!-- This site is optimized with the Yoast SEO plugin v21.9.1 - https:\/\/yoast.com\/wordpress\/plugins\/seo\/ -->\n<title>Terez\u00ednsk\u00e1 iniciativa - \u010casopisy z let 2021 a\u017e 2023<\/title>\n<meta name=\"description\" content=\"Kompletn\u00ed internetov\u00fd archiv \u010dasopis\u016f Terez\u00ednsk\u00e9 inicitivy ro\u010dn\u00edky 2021 a\u017e 2023 v\u00a0PDF form\u00e1tu voln\u011b ke sta\u017een\u00ed.\" \/>\n<meta name=\"robots\" content=\"index, follow, max-snippet:-1, max-image-preview:large, max-video-preview:-1\" \/>\n<link rel=\"canonical\" href=\"https:\/\/terezinskainiciativa.cz\/en\/2021-2025\/\" \/>\n<meta property=\"og:locale\" content=\"en_US\" \/>\n<meta property=\"og:type\" content=\"article\" \/>\n<meta property=\"og:title\" content=\"Terez\u00ednsk\u00e1 iniciativa - \u010casopisy z let 2021 a\u017e 2023\" \/>\n<meta property=\"og:description\" content=\"Kompletn\u00ed internetov\u00fd archiv \u010dasopis\u016f Terez\u00ednsk\u00e9 inicitivy ro\u010dn\u00edky 2021 a\u017e 2023 v\u00a0PDF form\u00e1tu voln\u011b ke sta\u017een\u00ed.\" \/>\n<meta property=\"og:url\" content=\"https:\/\/terezinskainiciativa.cz\/en\/2021-2025\/\" \/>\n<meta property=\"og:site_name\" content=\"Terez\u00ednsk\u00e1 iniciativa\" \/>\n<meta property=\"article:modified_time\" content=\"2026-03-14T14:48:44+00:00\" \/>\n<meta property=\"og:image\" content=\"https:\/\/terezinskainiciativa.cz\/wp-content\/uploads\/2022\/12\/cropped-ti-v2.png\" \/>\n\t<meta property=\"og:image:width\" content=\"242\" \/>\n\t<meta property=\"og:image:height\" content=\"71\" \/>\n\t<meta property=\"og:image:type\" content=\"image\/png\" \/>\n<meta name=\"twitter:card\" content=\"summary_large_image\" \/>\n<meta name=\"twitter:label1\" content=\"Est. reading time\" \/>\n\t<meta name=\"twitter:data1\" content=\"1 minute\" \/>\n<script type=\"application\/ld+json\" class=\"yoast-schema-graph\">{\"@context\":\"https:\/\/schema.org\",\"@graph\":[{\"@type\":\"WebPage\",\"@id\":\"https:\/\/terezinskainiciativa.cz\/2021-2025\/\",\"url\":\"https:\/\/terezinskainiciativa.cz\/2021-2025\/\",\"name\":\"Terez\u00ednsk\u00e1 iniciativa - \u010casopisy z let 2021 a\u017e 2023\",\"isPartOf\":{\"@id\":\"https:\/\/terezinskainiciativa.cz\/#website\"},\"datePublished\":\"2023-02-01T15:22:22+00:00\",\"dateModified\":\"2026-03-14T14:48:44+00:00\",\"description\":\"Kompletn\u00ed internetov\u00fd archiv \u010dasopis\u016f Terez\u00ednsk\u00e9 inicitivy ro\u010dn\u00edky 2021 a\u017e 2023 v\u00a0PDF form\u00e1tu voln\u011b ke sta\u017een\u00ed.\",\"breadcrumb\":{\"@id\":\"https:\/\/terezinskainiciativa.cz\/2021-2025\/#breadcrumb\"},\"inLanguage\":\"en-US\",\"potentialAction\":[{\"@type\":\"ReadAction\",\"target\":[\"https:\/\/terezinskainiciativa.cz\/2021-2025\/\"]}]},{\"@type\":\"BreadcrumbList\",\"@id\":\"https:\/\/terezinskainiciativa.cz\/2021-2025\/#breadcrumb\",\"itemListElement\":[{\"@type\":\"ListItem\",\"position\":1,\"name\":\"Dom\u016f\",\"item\":\"https:\/\/terezinskainiciativa.cz\/\"},{\"@type\":\"ListItem\",\"position\":2,\"name\":\"2021 &#8211; 2025\"}]},{\"@type\":\"WebSite\",\"@id\":\"https:\/\/terezinskainiciativa.cz\/#website\",\"url\":\"https:\/\/terezinskainiciativa.cz\/\",\"name\":\"Terez\u00ednsk\u00e1 iniciativa\",\"description\":\"TI je sdru\u017een\u00ed b\u00fdval\u00fdch v\u011bz\u0148\u016f terez\u00ednsk\u00e9ho ghetta a jejich p\u0159\u00edm\u00fdch potomk\u016f\",\"publisher\":{\"@id\":\"https:\/\/terezinskainiciativa.cz\/#organization\"},\"potentialAction\":[{\"@type\":\"SearchAction\",\"target\":{\"@type\":\"EntryPoint\",\"urlTemplate\":\"https:\/\/terezinskainiciativa.cz\/?s={search_term_string}\"},\"query-input\":\"required name=search_term_string\"}],\"inLanguage\":\"en-US\"},{\"@type\":\"Organization\",\"@id\":\"https:\/\/terezinskainiciativa.cz\/#organization\",\"name\":\"Terez\u00ednsk\u00e1 iniciativa\",\"url\":\"https:\/\/terezinskainiciativa.cz\/\",\"logo\":{\"@type\":\"ImageObject\",\"inLanguage\":\"en-US\",\"@id\":\"https:\/\/terezinskainiciativa.cz\/#\/schema\/logo\/image\/\",\"url\":\"https:\/\/terezinskainiciativa.cz\/wp-content\/uploads\/2022\/12\/cropped-ti-v2.png\",\"contentUrl\":\"https:\/\/terezinskainiciativa.cz\/wp-content\/uploads\/2022\/12\/cropped-ti-v2.png\",\"width\":242,\"height\":71,\"caption\":\"Terez\u00ednsk\u00e1 iniciativa\"},\"image\":{\"@id\":\"https:\/\/terezinskainiciativa.cz\/#\/schema\/logo\/image\/\"}}]}<\/script>\n<!-- \/ Yoast SEO plugin. -->","yoast_head_json":{"title":"Terez\u00ednsk\u00e1 iniciativa - \u010casopisy z let 2021 a\u017e 2023","description":"Kompletn\u00ed internetov\u00fd archiv \u010dasopis\u016f Terez\u00ednsk\u00e9 inicitivy ro\u010dn\u00edky 2021 a\u017e 2023 v\u00a0PDF form\u00e1tu voln\u011b ke sta\u017een\u00ed.","robots":{"index":"index","follow":"follow","max-snippet":"max-snippet:-1","max-image-preview":"max-image-preview:large","max-video-preview":"max-video-preview:-1"},"canonical":"https:\/\/terezinskainiciativa.cz\/en\/2021-2025\/","og_locale":"en_US","og_type":"article","og_title":"Terez\u00ednsk\u00e1 iniciativa - \u010casopisy z let 2021 a\u017e 2023","og_description":"Kompletn\u00ed internetov\u00fd archiv \u010dasopis\u016f Terez\u00ednsk\u00e9 inicitivy ro\u010dn\u00edky 2021 a\u017e 2023 v\u00a0PDF form\u00e1tu voln\u011b ke sta\u017een\u00ed.","og_url":"https:\/\/terezinskainiciativa.cz\/en\/2021-2025\/","og_site_name":"Terez\u00ednsk\u00e1 iniciativa","article_modified_time":"2026-03-14T14:48:44+00:00","og_image":[{"width":242,"height":71,"url":"https:\/\/terezinskainiciativa.cz\/wp-content\/uploads\/2022\/12\/cropped-ti-v2.png","type":"image\/png"}],"twitter_card":"summary_large_image","twitter_misc":{"Est. reading time":"1 minute"},"schema":{"@context":"https:\/\/schema.org","@graph":[{"@type":"WebPage","@id":"https:\/\/terezinskainiciativa.cz\/2021-2025\/","url":"https:\/\/terezinskainiciativa.cz\/2021-2025\/","name":"Terez\u00ednsk\u00e1 iniciativa - \u010casopisy z let 2021 a\u017e 2023","isPartOf":{"@id":"https:\/\/terezinskainiciativa.cz\/#website"},"datePublished":"2023-02-01T15:22:22+00:00","dateModified":"2026-03-14T14:48:44+00:00","description":"Kompletn\u00ed internetov\u00fd archiv \u010dasopis\u016f Terez\u00ednsk\u00e9 inicitivy ro\u010dn\u00edky 2021 a\u017e 2023 v\u00a0PDF form\u00e1tu voln\u011b ke sta\u017een\u00ed.","breadcrumb":{"@id":"https:\/\/terezinskainiciativa.cz\/2021-2025\/#breadcrumb"},"inLanguage":"en-US","potentialAction":[{"@type":"ReadAction","target":["https:\/\/terezinskainiciativa.cz\/2021-2025\/"]}]},{"@type":"BreadcrumbList","@id":"https:\/\/terezinskainiciativa.cz\/2021-2025\/#breadcrumb","itemListElement":[{"@type":"ListItem","position":1,"name":"Dom\u016f","item":"https:\/\/terezinskainiciativa.cz\/"},{"@type":"ListItem","position":2,"name":"2021 &#8211; 2025"}]},{"@type":"WebSite","@id":"https:\/\/terezinskainiciativa.cz\/#website","url":"https:\/\/terezinskainiciativa.cz\/","name":"Terez\u00ednsk\u00e1 iniciativa","description":"TI je sdru\u017een\u00ed b\u00fdval\u00fdch v\u011bz\u0148\u016f terez\u00ednsk\u00e9ho ghetta a jejich p\u0159\u00edm\u00fdch potomk\u016f","publisher":{"@id":"https:\/\/terezinskainiciativa.cz\/#organization"},"potentialAction":[{"@type":"SearchAction","target":{"@type":"EntryPoint","urlTemplate":"https:\/\/terezinskainiciativa.cz\/?s={search_term_string}"},"query-input":"required name=search_term_string"}],"inLanguage":"en-US"},{"@type":"Organization","@id":"https:\/\/terezinskainiciativa.cz\/#organization","name":"Terez\u00ednsk\u00e1 iniciativa","url":"https:\/\/terezinskainiciativa.cz\/","logo":{"@type":"ImageObject","inLanguage":"en-US","@id":"https:\/\/terezinskainiciativa.cz\/#\/schema\/logo\/image\/","url":"https:\/\/terezinskainiciativa.cz\/wp-content\/uploads\/2022\/12\/cropped-ti-v2.png","contentUrl":"https:\/\/terezinskainiciativa.cz\/wp-content\/uploads\/2022\/12\/cropped-ti-v2.png","width":242,"height":71,"caption":"Terez\u00ednsk\u00e1 iniciativa"},"image":{"@id":"https:\/\/terezinskainiciativa.cz\/#\/schema\/logo\/image\/"}}]}},"_links":{"self":[{"href":"https:\/\/terezinskainiciativa.cz\/en\/wp-json\/wp\/v2\/pages\/289"}],"collection":[{"href":"https:\/\/terezinskainiciativa.cz\/en\/wp-json\/wp\/v2\/pages"}],"about":[{"href":"https:\/\/terezinskainiciativa.cz\/en\/wp-json\/wp\/v2\/types\/page"}],"author":[{"embeddable":true,"href":"https:\/\/terezinskainiciativa.cz\/en\/wp-json\/wp\/v2\/users\/1"}],"replies":[{"embeddable":true,"href":"https:\/\/terezinskainiciativa.cz\/en\/wp-json\/wp\/v2\/comments?post=289"}],"version-history":[{"count":15,"href":"https:\/\/terezinskainiciativa.cz\/en\/wp-json\/wp\/v2\/pages\/289\/revisions"}],"predecessor-version":[{"id":1024,"href":"https:\/\/terezinskainiciativa.cz\/en\/wp-json\/wp\/v2\/pages\/289\/revisions\/1024"}],"wp:attachment":[{"href":"https:\/\/terezinskainiciativa.cz\/en\/wp-json\/wp\/v2\/media?parent=289"}],"curies":[{"name":"wp","href":"https:\/\/api.w.org\/{rel}","templated":true}]}}