{"id":298,"date":"2023-02-01T16:31:42","date_gmt":"2023-02-01T15:31:42","guid":{"rendered":"http:\/\/terezinskainiciativa.cz\/?page_id=298"},"modified":"2023-06-18T22:08:55","modified_gmt":"2023-06-18T20:08:55","slug":"projekty","status":"publish","type":"page","link":"https:\/\/terezinskainiciativa.cz\/en\/projekty\/","title":{"rendered":"Projects"},"content":{"rendered":"<p>TI members often collaborate on projects related to the Shoah, such as exhibitions, theatre performances, films, etc. They have been featured in the documentary series Traces of the Stars (Ars Humana, 2007) and collaborated on exhibitions such as Not to Lose Faith in Man... or The Girls of Room 28.<\/p>\n\n\n\n<p><br>Many of the fates of witnesses are captured on the Memory of the Nation website - <a href=\"https:\/\/www.pametnaroda.cz\/cs\">www.pametnaroda.cz<\/a> and some have been published in books.<br>\u00a0 \u00a0 \u2022 R. Friesov\u00e1:<em> Pevnost m\u00e9ho ml\u00e1d\u00ed<\/em> (Nakladatelstv\u00ed Jaroslava Poberov\u00e1, 2005)<br>\u00a0 \u00a0 \u2022 A. Hyndr\u00e1kov\u00e1: <em>Dopis d\u011btem<\/em> (in: Sv\u011bt bez lidsk\u00fdch dimenz\u00ed, \u017didovsk\u00e9 muzeum v Praze, 1991)<br>\u00a0 \u00a0 \u2022 D. Krausov\u00e1: <em>Odlo\u017een\u00fd \u017eivot<\/em> (Ikar, 2018)<br>\u00a0 \u00a0 \u2022 D. Lieblov\u00e1: <em>P\u0159epsali se, tak jsem tady<\/em> (Spole\u010dnost pro jazyky, 2016)<br>\u00a0 \u00a0 \u2022 H. Mar\u0161\u00edkov\u00e1: <em>Holka z Roztoky<\/em> (Tri\u00e1da, 2006)<br>\u00a0 \u00a0 \u2022 E. Merov\u00e1: <em>Opo\u017ed\u011bn\u00e9 vzpom\u00ednky<\/em> (Barrister &amp; Principal, 2009)<br>\u00a0 \u00a0 \u2022 A. Radvansk\u00fd: <em>A p\u0159ece jsem p\u0159e\u017eil<\/em> (2008)<br>\u00a0 \u00a0 \u2022 O. Str\u00e1nsk\u00fd: <em>Nen\u00ed spravedlnosti na zemi<\/em> (Nakladatelstv\u00ed Susa, 2002)<br>\u00a0 \u00a0 \u2022 P. Str\u00e1nsk\u00fd: <em>Poslov\u00e9 ob\u011bt\u00ed<\/em> (Terez\u00ednsk\u00e1 iniciativa, 1999)<br>\u00a0 \u00a0 \u2022 N. Weilov\u00e1: <em>Osv\u011btimsk\u00fd v\u011bze\u0148 71978<\/em> (M\u011bsto \u0160vihov, 2014)<\/p>","protected":false},"excerpt":{"rendered":"<p>\u010clenov\u00e9 TI \u010dasto spolupracuj\u00ed na projektech souvisej\u00edc\u00edch s problematikou \u0161oa, jako jsou na p\u0159\u00edklad v\u00fdstavy, divadeln\u00ed p\u0159edstaven\u00ed, filmy apod. \u00da\u010dinkovali v s\u00e9rii dokument\u00e1rn\u00edch sn\u00edmk\u016f Stopy po hv\u011bzd\u00e1ch (Ars Humana, 2007) [&hellip;]<\/p>","protected":false},"author":1,"featured_media":0,"parent":0,"menu_order":0,"comment_status":"closed","ping_status":"closed","template":"","meta":{"footnotes":""},"class_list":["post-298","page","type-page","status-publish","hentry"],"yoast_head":"<!-- This site is optimized with the Yoast SEO plugin v21.9.1 - https:\/\/yoast.com\/wordpress\/plugins\/seo\/ -->\n<title>Projekty - TI je sdru\u017een\u00ed b\u00fdval\u00fdch v\u011bz\u0148\u016f terez\u00ednsk\u00e9ho ghetta a jejich p\u0159\u00edm\u00fdch potomk\u016f<\/title>\n<meta name=\"robots\" content=\"index, follow, max-snippet:-1, max-image-preview:large, max-video-preview:-1\" \/>\n<link rel=\"canonical\" href=\"https:\/\/terezinskainiciativa.cz\/en\/projekty\/\" \/>\n<meta property=\"og:locale\" content=\"en_US\" \/>\n<meta property=\"og:type\" content=\"article\" \/>\n<meta property=\"og:title\" content=\"Projekty - TI je sdru\u017een\u00ed b\u00fdval\u00fdch v\u011bz\u0148\u016f terez\u00ednsk\u00e9ho ghetta a jejich p\u0159\u00edm\u00fdch potomk\u016f\" \/>\n<meta property=\"og:description\" content=\"\u010clenov\u00e9 TI \u010dasto spolupracuj\u00ed na projektech souvisej\u00edc\u00edch s problematikou \u0161oa, jako jsou na p\u0159\u00edklad v\u00fdstavy, divadeln\u00ed p\u0159edstaven\u00ed, filmy apod. \u00da\u010dinkovali v s\u00e9rii dokument\u00e1rn\u00edch sn\u00edmk\u016f Stopy po hv\u011bzd\u00e1ch (Ars Humana, 2007) [&hellip;]\" \/>\n<meta property=\"og:url\" content=\"https:\/\/terezinskainiciativa.cz\/en\/projekty\/\" \/>\n<meta property=\"og:site_name\" content=\"Terez\u00ednsk\u00e1 iniciativa\" \/>\n<meta property=\"article:modified_time\" content=\"2023-06-18T20:08:55+00:00\" \/>\n<meta property=\"og:image\" content=\"https:\/\/terezinskainiciativa.cz\/wp-content\/uploads\/2022\/12\/cropped-ti-v2.png\" \/>\n\t<meta property=\"og:image:width\" content=\"242\" \/>\n\t<meta property=\"og:image:height\" content=\"71\" \/>\n\t<meta property=\"og:image:type\" content=\"image\/png\" \/>\n<meta name=\"twitter:card\" content=\"summary_large_image\" \/>\n<meta name=\"twitter:label1\" content=\"Est. reading time\" \/>\n\t<meta name=\"twitter:data1\" content=\"1 minute\" \/>\n<script type=\"application\/ld+json\" class=\"yoast-schema-graph\">{\"@context\":\"https:\/\/schema.org\",\"@graph\":[{\"@type\":\"WebPage\",\"@id\":\"https:\/\/terezinskainiciativa.cz\/projekty\/\",\"url\":\"https:\/\/terezinskainiciativa.cz\/projekty\/\",\"name\":\"Projekty - TI je sdru\u017een\u00ed b\u00fdval\u00fdch v\u011bz\u0148\u016f terez\u00ednsk\u00e9ho ghetta a jejich p\u0159\u00edm\u00fdch potomk\u016f\",\"isPartOf\":{\"@id\":\"https:\/\/terezinskainiciativa.cz\/#website\"},\"datePublished\":\"2023-02-01T15:31:42+00:00\",\"dateModified\":\"2023-06-18T20:08:55+00:00\",\"breadcrumb\":{\"@id\":\"https:\/\/terezinskainiciativa.cz\/projekty\/#breadcrumb\"},\"inLanguage\":\"en-US\",\"potentialAction\":[{\"@type\":\"ReadAction\",\"target\":[\"https:\/\/terezinskainiciativa.cz\/projekty\/\"]}]},{\"@type\":\"BreadcrumbList\",\"@id\":\"https:\/\/terezinskainiciativa.cz\/projekty\/#breadcrumb\",\"itemListElement\":[{\"@type\":\"ListItem\",\"position\":1,\"name\":\"Dom\u016f\",\"item\":\"https:\/\/terezinskainiciativa.cz\/\"},{\"@type\":\"ListItem\",\"position\":2,\"name\":\"Projekty\"}]},{\"@type\":\"WebSite\",\"@id\":\"https:\/\/terezinskainiciativa.cz\/#website\",\"url\":\"https:\/\/terezinskainiciativa.cz\/\",\"name\":\"Terez\u00ednsk\u00e1 iniciativa\",\"description\":\"TI je sdru\u017een\u00ed b\u00fdval\u00fdch v\u011bz\u0148\u016f terez\u00ednsk\u00e9ho ghetta a jejich p\u0159\u00edm\u00fdch potomk\u016f\",\"publisher\":{\"@id\":\"https:\/\/terezinskainiciativa.cz\/#organization\"},\"potentialAction\":[{\"@type\":\"SearchAction\",\"target\":{\"@type\":\"EntryPoint\",\"urlTemplate\":\"https:\/\/terezinskainiciativa.cz\/?s={search_term_string}\"},\"query-input\":\"required name=search_term_string\"}],\"inLanguage\":\"en-US\"},{\"@type\":\"Organization\",\"@id\":\"https:\/\/terezinskainiciativa.cz\/#organization\",\"name\":\"Terez\u00ednsk\u00e1 iniciativa\",\"url\":\"https:\/\/terezinskainiciativa.cz\/\",\"logo\":{\"@type\":\"ImageObject\",\"inLanguage\":\"en-US\",\"@id\":\"https:\/\/terezinskainiciativa.cz\/#\/schema\/logo\/image\/\",\"url\":\"https:\/\/terezinskainiciativa.cz\/wp-content\/uploads\/2022\/12\/cropped-ti-v2.png\",\"contentUrl\":\"https:\/\/terezinskainiciativa.cz\/wp-content\/uploads\/2022\/12\/cropped-ti-v2.png\",\"width\":242,\"height\":71,\"caption\":\"Terez\u00ednsk\u00e1 iniciativa\"},\"image\":{\"@id\":\"https:\/\/terezinskainiciativa.cz\/#\/schema\/logo\/image\/\"}}]}<\/script>\n<!-- \/ Yoast SEO plugin. -->","yoast_head_json":{"title":"Projekty - TI je sdru\u017een\u00ed b\u00fdval\u00fdch v\u011bz\u0148\u016f terez\u00ednsk\u00e9ho ghetta a jejich p\u0159\u00edm\u00fdch potomk\u016f","robots":{"index":"index","follow":"follow","max-snippet":"max-snippet:-1","max-image-preview":"max-image-preview:large","max-video-preview":"max-video-preview:-1"},"canonical":"https:\/\/terezinskainiciativa.cz\/en\/projekty\/","og_locale":"en_US","og_type":"article","og_title":"Projekty - TI je sdru\u017een\u00ed b\u00fdval\u00fdch v\u011bz\u0148\u016f terez\u00ednsk\u00e9ho ghetta a jejich p\u0159\u00edm\u00fdch potomk\u016f","og_description":"\u010clenov\u00e9 TI \u010dasto spolupracuj\u00ed na projektech souvisej\u00edc\u00edch s problematikou \u0161oa, jako jsou na p\u0159\u00edklad v\u00fdstavy, divadeln\u00ed p\u0159edstaven\u00ed, filmy apod. \u00da\u010dinkovali v s\u00e9rii dokument\u00e1rn\u00edch sn\u00edmk\u016f Stopy po hv\u011bzd\u00e1ch (Ars Humana, 2007) [&hellip;]","og_url":"https:\/\/terezinskainiciativa.cz\/en\/projekty\/","og_site_name":"Terez\u00ednsk\u00e1 iniciativa","article_modified_time":"2023-06-18T20:08:55+00:00","og_image":[{"width":242,"height":71,"url":"https:\/\/terezinskainiciativa.cz\/wp-content\/uploads\/2022\/12\/cropped-ti-v2.png","type":"image\/png"}],"twitter_card":"summary_large_image","twitter_misc":{"Est. reading time":"1 minute"},"schema":{"@context":"https:\/\/schema.org","@graph":[{"@type":"WebPage","@id":"https:\/\/terezinskainiciativa.cz\/projekty\/","url":"https:\/\/terezinskainiciativa.cz\/projekty\/","name":"Projekty - TI je sdru\u017een\u00ed b\u00fdval\u00fdch v\u011bz\u0148\u016f terez\u00ednsk\u00e9ho ghetta a jejich p\u0159\u00edm\u00fdch potomk\u016f","isPartOf":{"@id":"https:\/\/terezinskainiciativa.cz\/#website"},"datePublished":"2023-02-01T15:31:42+00:00","dateModified":"2023-06-18T20:08:55+00:00","breadcrumb":{"@id":"https:\/\/terezinskainiciativa.cz\/projekty\/#breadcrumb"},"inLanguage":"en-US","potentialAction":[{"@type":"ReadAction","target":["https:\/\/terezinskainiciativa.cz\/projekty\/"]}]},{"@type":"BreadcrumbList","@id":"https:\/\/terezinskainiciativa.cz\/projekty\/#breadcrumb","itemListElement":[{"@type":"ListItem","position":1,"name":"Dom\u016f","item":"https:\/\/terezinskainiciativa.cz\/"},{"@type":"ListItem","position":2,"name":"Projekty"}]},{"@type":"WebSite","@id":"https:\/\/terezinskainiciativa.cz\/#website","url":"https:\/\/terezinskainiciativa.cz\/","name":"Terez\u00ednsk\u00e1 iniciativa","description":"TI je sdru\u017een\u00ed b\u00fdval\u00fdch v\u011bz\u0148\u016f terez\u00ednsk\u00e9ho ghetta a jejich p\u0159\u00edm\u00fdch potomk\u016f","publisher":{"@id":"https:\/\/terezinskainiciativa.cz\/#organization"},"potentialAction":[{"@type":"SearchAction","target":{"@type":"EntryPoint","urlTemplate":"https:\/\/terezinskainiciativa.cz\/?s={search_term_string}"},"query-input":"required name=search_term_string"}],"inLanguage":"en-US"},{"@type":"Organization","@id":"https:\/\/terezinskainiciativa.cz\/#organization","name":"Terez\u00ednsk\u00e1 iniciativa","url":"https:\/\/terezinskainiciativa.cz\/","logo":{"@type":"ImageObject","inLanguage":"en-US","@id":"https:\/\/terezinskainiciativa.cz\/#\/schema\/logo\/image\/","url":"https:\/\/terezinskainiciativa.cz\/wp-content\/uploads\/2022\/12\/cropped-ti-v2.png","contentUrl":"https:\/\/terezinskainiciativa.cz\/wp-content\/uploads\/2022\/12\/cropped-ti-v2.png","width":242,"height":71,"caption":"Terez\u00ednsk\u00e1 iniciativa"},"image":{"@id":"https:\/\/terezinskainiciativa.cz\/#\/schema\/logo\/image\/"}}]}},"_links":{"self":[{"href":"https:\/\/terezinskainiciativa.cz\/en\/wp-json\/wp\/v2\/pages\/298"}],"collection":[{"href":"https:\/\/terezinskainiciativa.cz\/en\/wp-json\/wp\/v2\/pages"}],"about":[{"href":"https:\/\/terezinskainiciativa.cz\/en\/wp-json\/wp\/v2\/types\/page"}],"author":[{"embeddable":true,"href":"https:\/\/terezinskainiciativa.cz\/en\/wp-json\/wp\/v2\/users\/1"}],"replies":[{"embeddable":true,"href":"https:\/\/terezinskainiciativa.cz\/en\/wp-json\/wp\/v2\/comments?post=298"}],"version-history":[{"count":2,"href":"https:\/\/terezinskainiciativa.cz\/en\/wp-json\/wp\/v2\/pages\/298\/revisions"}],"predecessor-version":[{"id":309,"href":"https:\/\/terezinskainiciativa.cz\/en\/wp-json\/wp\/v2\/pages\/298\/revisions\/309"}],"wp:attachment":[{"href":"https:\/\/terezinskainiciativa.cz\/en\/wp-json\/wp\/v2\/media?parent=298"}],"curies":[{"name":"wp","href":"https:\/\/api.w.org\/{rel}","templated":true}]}}