{"id":467,"date":"2023-03-11T15:32:24","date_gmt":"2023-03-11T14:32:24","guid":{"rendered":"http:\/\/terezinskainiciativa.cz\/?page_id=467"},"modified":"2023-06-18T22:09:00","modified_gmt":"2023-06-18T20:09:00","slug":"studijni-zajezdy-skol-do-terezina","status":"publish","type":"page","link":"https:\/\/terezinskainiciativa.cz\/en\/studijni-zajezdy-skol-do-terezina\/","title":{"rendered":"School field trips to Terez\u00edn"},"content":{"rendered":"<h4 class=\"wp-block-heading\">Principles for obtaining financial support from the Terez\u00edn Initiative<\/h4>\n\n\n\n<p>Dear friends,<br>We would like to invite you to visit Terez\u00edn, which is a permanent reminder of the cruel fate of the prisoners and Jewish victims of the Holocaust. We hope that this visit will lead participants to reflect more deeply on the ever-present issues of extremism, racism and national and religious intolerance.&nbsp;<\/p>\n\n\n\n<p>(We recommend that pupils and students be familiarized with the issue of the \"Final Solution of the Jewish Question\" in advance, preferably through prior reading and interpretation.)<\/p>\n\n\n\n<p>The Terez\u00edn Initiative, as an organization that brings together former Jewish prisoners of Terez\u00edn and other ghettos and concentration camps and their direct descendants, is interested in ensuring that young people in particular are exposed to a truthful view of Jewish history and the extermination of Jews during World War II. Therefore, we provide donations to finance trips for school groups attending one of the educational seminars organized by the Terez\u00edn Memorial.<\/p>\n\n\n\n<p>For more information and to book a date, please contact <strong>Education Department of the Terez\u00edn Memorial.<\/strong><\/p>\n\n\n\n<p>School visits to Terez\u00edn are recommended from the 7th grade of primary school upwards. Two- and multi-day trips will be approved for 8th and 9th grade elementary school and high school students.&nbsp;<\/p>\n\n\n\n<p>The invoice will be issued by the school and <strong>with the confirmation of the Terez\u00edn Memorial<\/strong> of completing the program and with copies of receipts sent to:<br>RNDr. M. Vidl\u00e1kov\u00e1, Chair of the Education Committee<br>Terez\u00ednsk\u00e1 iniciativa, Maiselova 18, 110 00 Praha 1.<\/p>\n\n\n\n<p>Email: <a href=\"mailto: terezinskainiciativa@cmail.cz\">terezinskainiciativa@cmail.cz<\/a><\/p>","protected":false},"excerpt":{"rendered":"<p>Z\u00e1sady pro z\u00edsk\u00e1n\u00ed finan\u010dn\u00ed podpory od Terez\u00ednsk\u00e9 iniciativy V\u00e1\u017een\u00ed p\u0159\u00e1tel\u00e9,r\u00e1di bychom v\u00e1s pozvali na n\u00e1v\u0161t\u011bvu Terez\u00edna, kter\u00fd m\u00e1 trvale p\u0159ipom\u00ednat krut\u00fd osud v\u011bz\u0148\u016f a \u017eidovsk\u00fdch ob\u011bt\u00ed holocaustu. V\u011b\u0159\u00edme, \u017ee tato [&hellip;]<\/p>","protected":false},"author":1,"featured_media":0,"parent":0,"menu_order":0,"comment_status":"closed","ping_status":"closed","template":"","meta":{"footnotes":""},"class_list":["post-467","page","type-page","status-publish","hentry"],"yoast_head":"<!-- This site is optimized with the Yoast SEO plugin v21.9.1 - https:\/\/yoast.com\/wordpress\/plugins\/seo\/ -->\n<title>Studijn\u00ed z\u00e1jezdy \u0161kol do Terez\u00edna - TI je sdru\u017een\u00ed b\u00fdval\u00fdch v\u011bz\u0148\u016f terez\u00ednsk\u00e9ho ghetta a jejich p\u0159\u00edm\u00fdch potomk\u016f<\/title>\n<meta name=\"robots\" content=\"index, follow, max-snippet:-1, max-image-preview:large, max-video-preview:-1\" \/>\n<link rel=\"canonical\" href=\"https:\/\/terezinskainiciativa.cz\/en\/studijni-zajezdy-skol-do-terezina\/\" \/>\n<meta property=\"og:locale\" content=\"en_US\" \/>\n<meta property=\"og:type\" content=\"article\" \/>\n<meta property=\"og:title\" content=\"Studijn\u00ed z\u00e1jezdy \u0161kol do Terez\u00edna - TI je sdru\u017een\u00ed b\u00fdval\u00fdch v\u011bz\u0148\u016f terez\u00ednsk\u00e9ho ghetta a jejich p\u0159\u00edm\u00fdch potomk\u016f\" \/>\n<meta property=\"og:description\" content=\"Z\u00e1sady pro z\u00edsk\u00e1n\u00ed finan\u010dn\u00ed podpory od Terez\u00ednsk\u00e9 iniciativy V\u00e1\u017een\u00ed p\u0159\u00e1tel\u00e9,r\u00e1di bychom v\u00e1s pozvali na n\u00e1v\u0161t\u011bvu Terez\u00edna, kter\u00fd m\u00e1 trvale p\u0159ipom\u00ednat krut\u00fd osud v\u011bz\u0148\u016f a \u017eidovsk\u00fdch ob\u011bt\u00ed holocaustu. V\u011b\u0159\u00edme, \u017ee tato [&hellip;]\" \/>\n<meta property=\"og:url\" content=\"https:\/\/terezinskainiciativa.cz\/en\/studijni-zajezdy-skol-do-terezina\/\" \/>\n<meta property=\"og:site_name\" content=\"Terez\u00ednsk\u00e1 iniciativa\" \/>\n<meta property=\"article:modified_time\" content=\"2023-06-18T20:09:00+00:00\" \/>\n<meta property=\"og:image\" content=\"https:\/\/terezinskainiciativa.cz\/wp-content\/uploads\/2022\/12\/cropped-ti-v2.png\" \/>\n\t<meta property=\"og:image:width\" content=\"242\" \/>\n\t<meta property=\"og:image:height\" content=\"71\" \/>\n\t<meta property=\"og:image:type\" content=\"image\/png\" \/>\n<meta name=\"twitter:card\" content=\"summary_large_image\" \/>\n<meta name=\"twitter:label1\" content=\"Est. reading time\" \/>\n\t<meta name=\"twitter:data1\" content=\"2 minutes\" \/>\n<script type=\"application\/ld+json\" class=\"yoast-schema-graph\">{\"@context\":\"https:\/\/schema.org\",\"@graph\":[{\"@type\":\"WebPage\",\"@id\":\"https:\/\/terezinskainiciativa.cz\/studijni-zajezdy-skol-do-terezina\/\",\"url\":\"https:\/\/terezinskainiciativa.cz\/studijni-zajezdy-skol-do-terezina\/\",\"name\":\"Studijn\u00ed z\u00e1jezdy \u0161kol do Terez\u00edna - TI je sdru\u017een\u00ed b\u00fdval\u00fdch v\u011bz\u0148\u016f terez\u00ednsk\u00e9ho ghetta a jejich p\u0159\u00edm\u00fdch potomk\u016f\",\"isPartOf\":{\"@id\":\"https:\/\/terezinskainiciativa.cz\/#website\"},\"datePublished\":\"2023-03-11T14:32:24+00:00\",\"dateModified\":\"2023-06-18T20:09:00+00:00\",\"breadcrumb\":{\"@id\":\"https:\/\/terezinskainiciativa.cz\/studijni-zajezdy-skol-do-terezina\/#breadcrumb\"},\"inLanguage\":\"en-US\",\"potentialAction\":[{\"@type\":\"ReadAction\",\"target\":[\"https:\/\/terezinskainiciativa.cz\/studijni-zajezdy-skol-do-terezina\/\"]}]},{\"@type\":\"BreadcrumbList\",\"@id\":\"https:\/\/terezinskainiciativa.cz\/studijni-zajezdy-skol-do-terezina\/#breadcrumb\",\"itemListElement\":[{\"@type\":\"ListItem\",\"position\":1,\"name\":\"Dom\u016f\",\"item\":\"https:\/\/terezinskainiciativa.cz\/\"},{\"@type\":\"ListItem\",\"position\":2,\"name\":\"Studijn\u00ed z\u00e1jezdy \u0161kol do Terez\u00edna\"}]},{\"@type\":\"WebSite\",\"@id\":\"https:\/\/terezinskainiciativa.cz\/#website\",\"url\":\"https:\/\/terezinskainiciativa.cz\/\",\"name\":\"Terez\u00ednsk\u00e1 iniciativa\",\"description\":\"TI je sdru\u017een\u00ed b\u00fdval\u00fdch v\u011bz\u0148\u016f terez\u00ednsk\u00e9ho ghetta a jejich p\u0159\u00edm\u00fdch potomk\u016f\",\"publisher\":{\"@id\":\"https:\/\/terezinskainiciativa.cz\/#organization\"},\"potentialAction\":[{\"@type\":\"SearchAction\",\"target\":{\"@type\":\"EntryPoint\",\"urlTemplate\":\"https:\/\/terezinskainiciativa.cz\/?s={search_term_string}\"},\"query-input\":\"required name=search_term_string\"}],\"inLanguage\":\"en-US\"},{\"@type\":\"Organization\",\"@id\":\"https:\/\/terezinskainiciativa.cz\/#organization\",\"name\":\"Terez\u00ednsk\u00e1 iniciativa\",\"url\":\"https:\/\/terezinskainiciativa.cz\/\",\"logo\":{\"@type\":\"ImageObject\",\"inLanguage\":\"en-US\",\"@id\":\"https:\/\/terezinskainiciativa.cz\/#\/schema\/logo\/image\/\",\"url\":\"https:\/\/terezinskainiciativa.cz\/wp-content\/uploads\/2022\/12\/cropped-ti-v2.png\",\"contentUrl\":\"https:\/\/terezinskainiciativa.cz\/wp-content\/uploads\/2022\/12\/cropped-ti-v2.png\",\"width\":242,\"height\":71,\"caption\":\"Terez\u00ednsk\u00e1 iniciativa\"},\"image\":{\"@id\":\"https:\/\/terezinskainiciativa.cz\/#\/schema\/logo\/image\/\"}}]}<\/script>\n<!-- \/ Yoast SEO plugin. -->","yoast_head_json":{"title":"Studijn\u00ed z\u00e1jezdy \u0161kol do Terez\u00edna - TI je sdru\u017een\u00ed b\u00fdval\u00fdch v\u011bz\u0148\u016f terez\u00ednsk\u00e9ho ghetta a jejich p\u0159\u00edm\u00fdch potomk\u016f","robots":{"index":"index","follow":"follow","max-snippet":"max-snippet:-1","max-image-preview":"max-image-preview:large","max-video-preview":"max-video-preview:-1"},"canonical":"https:\/\/terezinskainiciativa.cz\/en\/studijni-zajezdy-skol-do-terezina\/","og_locale":"en_US","og_type":"article","og_title":"Studijn\u00ed z\u00e1jezdy \u0161kol do Terez\u00edna - TI je sdru\u017een\u00ed b\u00fdval\u00fdch v\u011bz\u0148\u016f terez\u00ednsk\u00e9ho ghetta a jejich p\u0159\u00edm\u00fdch potomk\u016f","og_description":"Z\u00e1sady pro z\u00edsk\u00e1n\u00ed finan\u010dn\u00ed podpory od Terez\u00ednsk\u00e9 iniciativy V\u00e1\u017een\u00ed p\u0159\u00e1tel\u00e9,r\u00e1di bychom v\u00e1s pozvali na n\u00e1v\u0161t\u011bvu Terez\u00edna, kter\u00fd m\u00e1 trvale p\u0159ipom\u00ednat krut\u00fd osud v\u011bz\u0148\u016f a \u017eidovsk\u00fdch ob\u011bt\u00ed holocaustu. V\u011b\u0159\u00edme, \u017ee tato [&hellip;]","og_url":"https:\/\/terezinskainiciativa.cz\/en\/studijni-zajezdy-skol-do-terezina\/","og_site_name":"Terez\u00ednsk\u00e1 iniciativa","article_modified_time":"2023-06-18T20:09:00+00:00","og_image":[{"width":242,"height":71,"url":"https:\/\/terezinskainiciativa.cz\/wp-content\/uploads\/2022\/12\/cropped-ti-v2.png","type":"image\/png"}],"twitter_card":"summary_large_image","twitter_misc":{"Est. reading time":"2 minutes"},"schema":{"@context":"https:\/\/schema.org","@graph":[{"@type":"WebPage","@id":"https:\/\/terezinskainiciativa.cz\/studijni-zajezdy-skol-do-terezina\/","url":"https:\/\/terezinskainiciativa.cz\/studijni-zajezdy-skol-do-terezina\/","name":"Studijn\u00ed z\u00e1jezdy \u0161kol do Terez\u00edna - TI je sdru\u017een\u00ed b\u00fdval\u00fdch v\u011bz\u0148\u016f terez\u00ednsk\u00e9ho ghetta a jejich p\u0159\u00edm\u00fdch potomk\u016f","isPartOf":{"@id":"https:\/\/terezinskainiciativa.cz\/#website"},"datePublished":"2023-03-11T14:32:24+00:00","dateModified":"2023-06-18T20:09:00+00:00","breadcrumb":{"@id":"https:\/\/terezinskainiciativa.cz\/studijni-zajezdy-skol-do-terezina\/#breadcrumb"},"inLanguage":"en-US","potentialAction":[{"@type":"ReadAction","target":["https:\/\/terezinskainiciativa.cz\/studijni-zajezdy-skol-do-terezina\/"]}]},{"@type":"BreadcrumbList","@id":"https:\/\/terezinskainiciativa.cz\/studijni-zajezdy-skol-do-terezina\/#breadcrumb","itemListElement":[{"@type":"ListItem","position":1,"name":"Dom\u016f","item":"https:\/\/terezinskainiciativa.cz\/"},{"@type":"ListItem","position":2,"name":"Studijn\u00ed z\u00e1jezdy \u0161kol do Terez\u00edna"}]},{"@type":"WebSite","@id":"https:\/\/terezinskainiciativa.cz\/#website","url":"https:\/\/terezinskainiciativa.cz\/","name":"Terez\u00ednsk\u00e1 iniciativa","description":"TI je sdru\u017een\u00ed b\u00fdval\u00fdch v\u011bz\u0148\u016f terez\u00ednsk\u00e9ho ghetta a jejich p\u0159\u00edm\u00fdch potomk\u016f","publisher":{"@id":"https:\/\/terezinskainiciativa.cz\/#organization"},"potentialAction":[{"@type":"SearchAction","target":{"@type":"EntryPoint","urlTemplate":"https:\/\/terezinskainiciativa.cz\/?s={search_term_string}"},"query-input":"required name=search_term_string"}],"inLanguage":"en-US"},{"@type":"Organization","@id":"https:\/\/terezinskainiciativa.cz\/#organization","name":"Terez\u00ednsk\u00e1 iniciativa","url":"https:\/\/terezinskainiciativa.cz\/","logo":{"@type":"ImageObject","inLanguage":"en-US","@id":"https:\/\/terezinskainiciativa.cz\/#\/schema\/logo\/image\/","url":"https:\/\/terezinskainiciativa.cz\/wp-content\/uploads\/2022\/12\/cropped-ti-v2.png","contentUrl":"https:\/\/terezinskainiciativa.cz\/wp-content\/uploads\/2022\/12\/cropped-ti-v2.png","width":242,"height":71,"caption":"Terez\u00ednsk\u00e1 iniciativa"},"image":{"@id":"https:\/\/terezinskainiciativa.cz\/#\/schema\/logo\/image\/"}}]}},"_links":{"self":[{"href":"https:\/\/terezinskainiciativa.cz\/en\/wp-json\/wp\/v2\/pages\/467"}],"collection":[{"href":"https:\/\/terezinskainiciativa.cz\/en\/wp-json\/wp\/v2\/pages"}],"about":[{"href":"https:\/\/terezinskainiciativa.cz\/en\/wp-json\/wp\/v2\/types\/page"}],"author":[{"embeddable":true,"href":"https:\/\/terezinskainiciativa.cz\/en\/wp-json\/wp\/v2\/users\/1"}],"replies":[{"embeddable":true,"href":"https:\/\/terezinskainiciativa.cz\/en\/wp-json\/wp\/v2\/comments?post=467"}],"version-history":[{"count":1,"href":"https:\/\/terezinskainiciativa.cz\/en\/wp-json\/wp\/v2\/pages\/467\/revisions"}],"predecessor-version":[{"id":468,"href":"https:\/\/terezinskainiciativa.cz\/en\/wp-json\/wp\/v2\/pages\/467\/revisions\/468"}],"wp:attachment":[{"href":"https:\/\/terezinskainiciativa.cz\/en\/wp-json\/wp\/v2\/media?parent=467"}],"curies":[{"name":"wp","href":"https:\/\/api.w.org\/{rel}","templated":true}]}}