{"id":7,"date":"2022-12-10T15:02:08","date_gmt":"2022-12-10T14:02:08","guid":{"rendered":"http:\/\/terezinskainiciativa.cz\/?page_id=7"},"modified":"2026-03-14T15:58:26","modified_gmt":"2026-03-14T14:58:26","slug":"archiv-casopisu","status":"publish","type":"page","link":"https:\/\/terezinskainiciativa.cz\/en\/archiv-casopisu\/","title":{"rendered":"Magazine archive"},"content":{"rendered":"<p>For its members, but not only for them, the Terez\u00edn Initiative publishes a magazine of the same name, which informs about events within the TI, about the life stories of former victims of the Shoah, about cultural and various other events related to the TI's topic of interest. The magazine occasionally publishes appeals from those looking for relatives and friends.&nbsp;<br><br>The Terez\u00edn Initiative magazine is also available on this website. The magazine is a periodical, published as needed, usually 5-6 times a year.<\/p>\n\n\n\n<div class=\"wp-block-buttons is-content-justification-center is-layout-flex wp-container-core-buttons-is-layout-1 wp-block-buttons-is-layout-flex\">\n<div class=\"wp-block-button is-style-outline is-style-outline--0395f4ef4bbc5ca28c69830b8b2ad08f\"><a class=\"wp-block-button__link wp-element-button\" href=\"https:\/\/terezinskainiciativa.cz\/en\/1991-2000\/\">1991 &#8211; 2000<\/a><\/div>\n\n\n\n<div class=\"wp-block-button is-style-outline is-style-outline--849524bd09affdd64ea97ac2e0e5fc4b\"><a class=\"wp-block-button__link wp-element-button\" href=\"https:\/\/terezinskainiciativa.cz\/en\/2001-2\/\">2001 &#8211; 2005<\/a><\/div>\n\n\n\n<div class=\"wp-block-button is-style-outline is-style-outline--b9ffbdf203ef007b5c78686095b2bedb\"><a class=\"wp-block-button__link wp-element-button\" href=\"https:\/\/terezinskainiciativa.cz\/en\/2006-2010\/\">2006 &#8211; 2010<\/a><\/div>\n\n\n\n<div class=\"wp-block-button is-style-outline is-style-outline--e9fa50eddb770fe6729ac94358ed371e\"><a class=\"wp-block-button__link wp-element-button\" href=\"https:\/\/terezinskainiciativa.cz\/en\/2011-2015\/\">2011 &#8211; 2015<\/a><\/div>\n\n\n\n<div class=\"wp-block-button is-style-outline is-style-outline--656f2c975e451f43facb49d1d0a613a2\"><a class=\"wp-block-button__link wp-element-button\" href=\"https:\/\/terezinskainiciativa.cz\/en\/2016-2020\/\">2016 &#8211; 2020<\/a><\/div>\n\n\n\n<div class=\"wp-block-button is-style-outline is-style-outline--df9a96f9a6db90640947c7e9151cae36\"><a class=\"wp-block-button__link wp-element-button\" href=\"https:\/\/terezinskainiciativa.cz\/en\/2021-2025\/\">2021 &#8211; 2025<\/a><\/div>\n\n\n\n<div class=\"wp-block-button is-style-outline is-style-outline--26a81e4f6eb89d64c2981a66d4aa76f5\"><a class=\"wp-block-button__link wp-element-button\" href=\"https:\/\/terezinskainiciativa.cz\/en\/soucasnost\/\">letos<\/a><\/div>\n<\/div>","protected":false},"excerpt":{"rendered":"<p>Pro sv\u00e9 \u010dleny, ale nejen pro n\u011b, vyd\u00e1v\u00e1 Terez\u00ednsk\u00e1 iniciativa stejnojmenn\u00fd \u010dasopis, kter\u00fd informuje o d\u011bn\u00ed uvnit\u0159 TI, o \u017eivotn\u00edch p\u0159\u00edb\u011bz\u00edch n\u011bkdej\u0161\u00edch ob\u011bt\u00ed \u0161oa, o kulturn\u00edch a r\u016fzn\u00fdch dal\u0161\u00edch ud\u00e1lostech, [&hellip;]<\/p>","protected":false},"author":1,"featured_media":0,"parent":0,"menu_order":0,"comment_status":"closed","ping_status":"closed","template":"","meta":{"footnotes":""},"class_list":["post-7","page","type-page","status-publish","hentry"],"yoast_head":"<!-- This site is optimized with the Yoast SEO plugin v21.9.1 - https:\/\/yoast.com\/wordpress\/plugins\/seo\/ -->\n<title>Terez\u00ednsk\u00e1 Iniciativa - Archiv \u010dasopisu<\/title>\n<meta name=\"description\" content=\"Terez\u00ednsk\u00e1 iniciativa vyd\u00e1v\u00e1 stejnojmenn\u00fd \u010dasopis, kter\u00fd informuje o kulturn\u00edm d\u011bn\u00ed i \u017eivotn\u00edch p\u0159\u00edb\u011bz\u00edch \u010dlen\u016f TI.\" \/>\n<meta name=\"robots\" content=\"index, follow, max-snippet:-1, max-image-preview:large, max-video-preview:-1\" \/>\n<link rel=\"canonical\" href=\"https:\/\/terezinskainiciativa.cz\/en\/archiv-casopisu\/\" \/>\n<meta property=\"og:locale\" content=\"en_US\" \/>\n<meta property=\"og:type\" content=\"article\" \/>\n<meta property=\"og:title\" content=\"Terez\u00ednsk\u00e1 Iniciativa - Archiv \u010dasopisu\" \/>\n<meta property=\"og:description\" content=\"Terez\u00ednsk\u00e1 iniciativa vyd\u00e1v\u00e1 stejnojmenn\u00fd \u010dasopis, kter\u00fd informuje o kulturn\u00edm d\u011bn\u00ed i \u017eivotn\u00edch p\u0159\u00edb\u011bz\u00edch \u010dlen\u016f TI.\" \/>\n<meta property=\"og:url\" content=\"https:\/\/terezinskainiciativa.cz\/en\/archiv-casopisu\/\" \/>\n<meta property=\"og:site_name\" content=\"Terez\u00ednsk\u00e1 iniciativa\" \/>\n<meta property=\"article:modified_time\" content=\"2026-03-14T14:58:26+00:00\" \/>\n<meta property=\"og:image\" content=\"https:\/\/terezinskainiciativa.cz\/wp-content\/uploads\/2022\/12\/cropped-ti-v2.png\" \/>\n\t<meta property=\"og:image:width\" content=\"242\" \/>\n\t<meta property=\"og:image:height\" content=\"71\" \/>\n\t<meta property=\"og:image:type\" content=\"image\/png\" \/>\n<meta name=\"twitter:card\" content=\"summary_large_image\" \/>\n<meta name=\"twitter:label1\" content=\"Est. reading time\" \/>\n\t<meta name=\"twitter:data1\" content=\"1 minute\" \/>\n<script type=\"application\/ld+json\" class=\"yoast-schema-graph\">{\"@context\":\"https:\/\/schema.org\",\"@graph\":[{\"@type\":\"WebPage\",\"@id\":\"https:\/\/terezinskainiciativa.cz\/archiv-casopisu\/\",\"url\":\"https:\/\/terezinskainiciativa.cz\/archiv-casopisu\/\",\"name\":\"Terez\u00ednsk\u00e1 Iniciativa - Archiv \u010dasopisu\",\"isPartOf\":{\"@id\":\"https:\/\/terezinskainiciativa.cz\/#website\"},\"datePublished\":\"2022-12-10T14:02:08+00:00\",\"dateModified\":\"2026-03-14T14:58:26+00:00\",\"description\":\"Terez\u00ednsk\u00e1 iniciativa vyd\u00e1v\u00e1 stejnojmenn\u00fd \u010dasopis, kter\u00fd informuje o kulturn\u00edm d\u011bn\u00ed i \u017eivotn\u00edch p\u0159\u00edb\u011bz\u00edch \u010dlen\u016f TI.\",\"breadcrumb\":{\"@id\":\"https:\/\/terezinskainiciativa.cz\/archiv-casopisu\/#breadcrumb\"},\"inLanguage\":\"en-US\",\"potentialAction\":[{\"@type\":\"ReadAction\",\"target\":[\"https:\/\/terezinskainiciativa.cz\/archiv-casopisu\/\"]}]},{\"@type\":\"BreadcrumbList\",\"@id\":\"https:\/\/terezinskainiciativa.cz\/archiv-casopisu\/#breadcrumb\",\"itemListElement\":[{\"@type\":\"ListItem\",\"position\":1,\"name\":\"Dom\u016f\",\"item\":\"https:\/\/terezinskainiciativa.cz\/\"},{\"@type\":\"ListItem\",\"position\":2,\"name\":\"Archiv \u010dasopisu\"}]},{\"@type\":\"WebSite\",\"@id\":\"https:\/\/terezinskainiciativa.cz\/#website\",\"url\":\"https:\/\/terezinskainiciativa.cz\/\",\"name\":\"Terez\u00ednsk\u00e1 iniciativa\",\"description\":\"TI je sdru\u017een\u00ed b\u00fdval\u00fdch v\u011bz\u0148\u016f terez\u00ednsk\u00e9ho ghetta a jejich p\u0159\u00edm\u00fdch potomk\u016f\",\"publisher\":{\"@id\":\"https:\/\/terezinskainiciativa.cz\/#organization\"},\"potentialAction\":[{\"@type\":\"SearchAction\",\"target\":{\"@type\":\"EntryPoint\",\"urlTemplate\":\"https:\/\/terezinskainiciativa.cz\/?s={search_term_string}\"},\"query-input\":\"required name=search_term_string\"}],\"inLanguage\":\"en-US\"},{\"@type\":\"Organization\",\"@id\":\"https:\/\/terezinskainiciativa.cz\/#organization\",\"name\":\"Terez\u00ednsk\u00e1 iniciativa\",\"url\":\"https:\/\/terezinskainiciativa.cz\/\",\"logo\":{\"@type\":\"ImageObject\",\"inLanguage\":\"en-US\",\"@id\":\"https:\/\/terezinskainiciativa.cz\/#\/schema\/logo\/image\/\",\"url\":\"https:\/\/terezinskainiciativa.cz\/wp-content\/uploads\/2022\/12\/cropped-ti-v2.png\",\"contentUrl\":\"https:\/\/terezinskainiciativa.cz\/wp-content\/uploads\/2022\/12\/cropped-ti-v2.png\",\"width\":242,\"height\":71,\"caption\":\"Terez\u00ednsk\u00e1 iniciativa\"},\"image\":{\"@id\":\"https:\/\/terezinskainiciativa.cz\/#\/schema\/logo\/image\/\"}}]}<\/script>\n<!-- \/ Yoast SEO plugin. -->","yoast_head_json":{"title":"Terez\u00ednsk\u00e1 Iniciativa - Archiv \u010dasopisu","description":"Terez\u00ednsk\u00e1 iniciativa vyd\u00e1v\u00e1 stejnojmenn\u00fd \u010dasopis, kter\u00fd informuje o kulturn\u00edm d\u011bn\u00ed i \u017eivotn\u00edch p\u0159\u00edb\u011bz\u00edch \u010dlen\u016f TI.","robots":{"index":"index","follow":"follow","max-snippet":"max-snippet:-1","max-image-preview":"max-image-preview:large","max-video-preview":"max-video-preview:-1"},"canonical":"https:\/\/terezinskainiciativa.cz\/en\/archiv-casopisu\/","og_locale":"en_US","og_type":"article","og_title":"Terez\u00ednsk\u00e1 Iniciativa - Archiv \u010dasopisu","og_description":"Terez\u00ednsk\u00e1 iniciativa vyd\u00e1v\u00e1 stejnojmenn\u00fd \u010dasopis, kter\u00fd informuje o kulturn\u00edm d\u011bn\u00ed i \u017eivotn\u00edch p\u0159\u00edb\u011bz\u00edch \u010dlen\u016f TI.","og_url":"https:\/\/terezinskainiciativa.cz\/en\/archiv-casopisu\/","og_site_name":"Terez\u00ednsk\u00e1 iniciativa","article_modified_time":"2026-03-14T14:58:26+00:00","og_image":[{"width":242,"height":71,"url":"https:\/\/terezinskainiciativa.cz\/wp-content\/uploads\/2022\/12\/cropped-ti-v2.png","type":"image\/png"}],"twitter_card":"summary_large_image","twitter_misc":{"Est. reading time":"1 minute"},"schema":{"@context":"https:\/\/schema.org","@graph":[{"@type":"WebPage","@id":"https:\/\/terezinskainiciativa.cz\/archiv-casopisu\/","url":"https:\/\/terezinskainiciativa.cz\/archiv-casopisu\/","name":"Terez\u00ednsk\u00e1 Iniciativa - Archiv \u010dasopisu","isPartOf":{"@id":"https:\/\/terezinskainiciativa.cz\/#website"},"datePublished":"2022-12-10T14:02:08+00:00","dateModified":"2026-03-14T14:58:26+00:00","description":"Terez\u00ednsk\u00e1 iniciativa vyd\u00e1v\u00e1 stejnojmenn\u00fd \u010dasopis, kter\u00fd informuje o kulturn\u00edm d\u011bn\u00ed i \u017eivotn\u00edch p\u0159\u00edb\u011bz\u00edch \u010dlen\u016f TI.","breadcrumb":{"@id":"https:\/\/terezinskainiciativa.cz\/archiv-casopisu\/#breadcrumb"},"inLanguage":"en-US","potentialAction":[{"@type":"ReadAction","target":["https:\/\/terezinskainiciativa.cz\/archiv-casopisu\/"]}]},{"@type":"BreadcrumbList","@id":"https:\/\/terezinskainiciativa.cz\/archiv-casopisu\/#breadcrumb","itemListElement":[{"@type":"ListItem","position":1,"name":"Dom\u016f","item":"https:\/\/terezinskainiciativa.cz\/"},{"@type":"ListItem","position":2,"name":"Archiv \u010dasopisu"}]},{"@type":"WebSite","@id":"https:\/\/terezinskainiciativa.cz\/#website","url":"https:\/\/terezinskainiciativa.cz\/","name":"Terez\u00ednsk\u00e1 iniciativa","description":"TI je sdru\u017een\u00ed b\u00fdval\u00fdch v\u011bz\u0148\u016f terez\u00ednsk\u00e9ho ghetta a jejich p\u0159\u00edm\u00fdch potomk\u016f","publisher":{"@id":"https:\/\/terezinskainiciativa.cz\/#organization"},"potentialAction":[{"@type":"SearchAction","target":{"@type":"EntryPoint","urlTemplate":"https:\/\/terezinskainiciativa.cz\/?s={search_term_string}"},"query-input":"required name=search_term_string"}],"inLanguage":"en-US"},{"@type":"Organization","@id":"https:\/\/terezinskainiciativa.cz\/#organization","name":"Terez\u00ednsk\u00e1 iniciativa","url":"https:\/\/terezinskainiciativa.cz\/","logo":{"@type":"ImageObject","inLanguage":"en-US","@id":"https:\/\/terezinskainiciativa.cz\/#\/schema\/logo\/image\/","url":"https:\/\/terezinskainiciativa.cz\/wp-content\/uploads\/2022\/12\/cropped-ti-v2.png","contentUrl":"https:\/\/terezinskainiciativa.cz\/wp-content\/uploads\/2022\/12\/cropped-ti-v2.png","width":242,"height":71,"caption":"Terez\u00ednsk\u00e1 iniciativa"},"image":{"@id":"https:\/\/terezinskainiciativa.cz\/#\/schema\/logo\/image\/"}}]}},"_links":{"self":[{"href":"https:\/\/terezinskainiciativa.cz\/en\/wp-json\/wp\/v2\/pages\/7"}],"collection":[{"href":"https:\/\/terezinskainiciativa.cz\/en\/wp-json\/wp\/v2\/pages"}],"about":[{"href":"https:\/\/terezinskainiciativa.cz\/en\/wp-json\/wp\/v2\/types\/page"}],"author":[{"embeddable":true,"href":"https:\/\/terezinskainiciativa.cz\/en\/wp-json\/wp\/v2\/users\/1"}],"replies":[{"embeddable":true,"href":"https:\/\/terezinskainiciativa.cz\/en\/wp-json\/wp\/v2\/comments?post=7"}],"version-history":[{"count":7,"href":"https:\/\/terezinskainiciativa.cz\/en\/wp-json\/wp\/v2\/pages\/7\/revisions"}],"predecessor-version":[{"id":1028,"href":"https:\/\/terezinskainiciativa.cz\/en\/wp-json\/wp\/v2\/pages\/7\/revisions\/1028"}],"wp:attachment":[{"href":"https:\/\/terezinskainiciativa.cz\/en\/wp-json\/wp\/v2\/media?parent=7"}],"curies":[{"name":"wp","href":"https:\/\/api.w.org\/{rel}","templated":true}]}}